
{"id":5811,"date":"2025-12-10T14:54:55","date_gmt":"2025-12-10T14:54:55","guid":{"rendered":"https:\/\/testweb.previntegral.com\/?page_id=5811"},"modified":"2025-12-10T15:29:52","modified_gmt":"2025-12-10T15:29:52","slug":"aviso-legal","status":"publish","type":"page","link":"https:\/\/testweb.previntegral.com\/es\/legal\/avis-legal\/","title":{"rendered":"Aviso legal"},"content":{"rendered":"<div data-elementor-type=\"wp-page\" data-elementor-id=\"5811\" class=\"elementor elementor-5811\" data-elementor-post-type=\"page\">\n\t\t\t\t<div class=\"elementor-element elementor-element-76a0ec8 e-flex e-con-boxed e-con e-parent\" data-id=\"76a0ec8\" data-element_type=\"container\" data-settings=\"{&quot;background_background&quot;:&quot;classic&quot;}\">\n\t\t\t\t\t<div class=\"e-con-inner\">\n\t\t\t\t<div class=\"elementor-element elementor-element-c92dfca elementor-widget elementor-widget-heading\" data-id=\"c92dfca\" data-element_type=\"widget\" data-widget_type=\"heading.default\">\n\t\t\t\t\t<h1 class=\"elementor-heading-title elementor-size-default\">Aviso legal<\/h1>\t\t\t\t<\/div>\n\t\t\t\t\t<\/div>\n\t\t\t\t<\/div>\n\t\t<div class=\"elementor-element elementor-element-8bdb575 e-flex e-con-boxed e-con e-parent\" data-id=\"8bdb575\" data-element_type=\"container\">\n\t\t\t\t\t<div class=\"e-con-inner\">\n\t\t\t\t<div class=\"elementor-element elementor-element-05bcfda elementor-widget elementor-widget-text-editor\" data-id=\"05bcfda\" data-element_type=\"widget\" data-widget_type=\"text-editor.default\">\n\t\t\t\t\t\t\t\t\t<h2>Titularidad de la web y datos de contacto<\/h2><p>Previntegral.com es un dominio de internet cuyo propietario es PREVINTEGRAL SL con CIF\/NIF B25511601 y con domicilio en AV. DEL CANAL 11 25230 MOLLERUSSA (LLEIDA). Registro Mercantil de LLEIDA T 787, F 144, S 8, H L14781.<\/p><p>Puede contactar con PREVINTEGRAL:<\/p><p>\u2013 Por tel\u00e9fono: 902 101 151 o bien 973 712 204<\/p><p>\u2013 Por correo electr\u00f3nico: info@previntegral.com<\/p><p>\u2013 Por correo ordinario: PREVINTEGRAL. AV. DEL CANAL 11 \/ 25230 MOLERUSSA (LLEIDA)<\/p><p>Para cualquier aclaraci\u00f3n no dude en contactar con PREVINTEGRAL.<\/p><p><i>PREVINTEGRAL SL cuenta con autorizaci\u00f3n administrativa para actuar como servicio de prevenci\u00f3n ajeno en el \u00e1mbito territorial ofertado.<\/i><\/p><p><br \/><br \/><\/p><h2>Condiciones de uso del sitio web<\/h2><p>Las presentes condiciones de uso regulan el acceso a esta web por parte de los clientes de PREVINTEGRAL y otros usuarios de Internet. Al navegar por esta web, el usuario manifiesta su aceptaci\u00f3n sin excepciones de las presentes condiciones de uso.<\/p><p>PREVINTEGRAL se reserva el derecho unilateral de modificar las presentes condiciones de acceso al sitio web, as\u00ed como los contenidos incluidos en el mismo.<\/p><p><br \/><br \/><\/p><h2>Limitaci\u00f3n y exenci\u00f3n de responsabilidad<\/h2><p>El contenido de esta web es de car\u00e1cter general y tiene una finalidad y efectos exclusivamente informativos. PREVINTEGRAL no acepta responsabilidad sobre cualquier informaci\u00f3n no elaborada por ella o publicada en su nombre sin su autorizaci\u00f3n, as\u00ed como responsabilidad derivada de la mala utilizaci\u00f3n por terceros de los contenidos.<\/p><p>Por la presente, el usuario exime a PREVINTEGRAL de cualquier responsabilidad que pudiera derivarse de interrupciones en la disponibilidad del sitio web, ya sea por un mal funcionamiento del servidor web o de las aplicaciones, de la infraestructura de comunicaciones o del software y hardware utilizados para la navegaci\u00f3n.<\/p><p>En caso de incluir enlaces a otras p\u00e1ginas web, PREVINTEGRAL declina cualquier responsabilidad relacionada con el acceso a los mismos.<\/p><p><br \/><br \/><\/p><h2>Propiedad intelectual e industrial<\/h2><p>La totalidad de esta web est\u00e1 protegida por las leyes de propiedad Intelectual e Industrial. Salvo que se indique lo contrario, los derechos de propiedad intelectual respecto de los contenidos corresponden en exclusiva a PREVINTEGRAL. El usuario reconoce que el uso de los contenidos se limitar\u00e1 estrictamente a fines particulares del propio usuario y que la reproducci\u00f3n, distribuci\u00f3n, comunicaci\u00f3n o transformaci\u00f3n no expresamente autorizada de los contenidos mencionados constituir\u00eda una infracci\u00f3n de los derechos de propiedad intelectual.<\/p><p>Asimismo, el usuario se abstendr\u00e1 de aplicar los contenidos y principalmente la informaci\u00f3n de cualquier tipo obtenida mediante esta web para remitir publicidad o comunicaciones con fines de venta directa o de car\u00e1cter comercial; mensajes no solicitados dirigidos a una pluralidad de personas con independencia de su finalidad. Tambi\u00e9n se abstendr\u00e1 de divulgar de cualquier manera esta informaci\u00f3n.<\/p><p>previntegral.com es un dominio de PREVINTEGRAL. No podr\u00e1 ser utilizado, salvo autorizaci\u00f3n previa y expresa, en conexi\u00f3n con otros productos o servicios que no sean propiedad de PREVINTEGRAL de ninguna manera que pueda causar confusi\u00f3n entre nuestros clientes o descr\u00e9dito de PREVINTEGRAL.<\/p><p><br \/><br \/><\/p><h2>Pol\u00edtica de enlaces a esta web<\/h2><p>Si cualquier usuario, entidad o p\u00e1gina web deseara establecer alg\u00fan tipo de enlace con destino a esta web, deber\u00e1 solicitar autorizaci\u00f3n previa a la realizaci\u00f3n del enlace y por escrito.<\/p><p>Adem\u00e1s, s\u00f3lo se permite enlazar a la p\u00e1gina de inicio del sitio web. El enlace debe ser en su totalidad y completo, es decir, debe llevar al usuario a la propia direcci\u00f3n de PREVINTEGRAL abarcando completamente la extensi\u00f3n de la pantalla de la p\u00e1gina que contiene el enlace. En ning\u00fan caso, excepto autorizaci\u00f3n expresa y por escrito de PREVINTEGRAL, la p\u00e1gina que realice el enlace podr\u00e1 en ning\u00fan momento reproducir el sitio web PREVINTEGRAL, ni incluirla como parte de su sitio web ni dentro de uno de sus marcos sobre cualquiera de las p\u00e1ginas o contenidos del presente sitio web.<\/p><p>No se incluir\u00e1 ninguna manifestaci\u00f3n falsa, inexacta o incorrecta sobre las p\u00e1ginas de esta web o los servicios que en ella se ofrecen.<\/p><p>El enlace no contendr\u00e1 ninguna marca, nombre comercial, r\u00f3tulo de establecimiento, denominaci\u00f3n, logotipo, eslogan u otros signos distintivos pertenecientes a PREVINTEGRAL<\/p><p>En ninguna circunstancia PREVINTEGRAL ser\u00e1 responsable de los contenidos o servicios puestos a disposici\u00f3n del p\u00fablico en la p\u00e1gina web desde la que se realice el enlace ni de las informaciones o manifestaciones incluidas en las mismas.<\/p><p><br \/><br \/><\/p><h2>Protecci\u00f3n de datos personales<\/h2><p>El uso de esta web y de sus formularios requiere la aceptaci\u00f3n del tratamiento de los datos del usuario conforme a nuestra pol\u00edtica de privacidad, incluyendo la recopilaci\u00f3n de datos de acceso y el env\u00edo de informaci\u00f3n comercial por v\u00eda electr\u00f3nica.<\/p><p>Lea atentamente nuestra pol\u00edtica de privacidad para conocer c\u00f3mo el titular de la presente web hace uso de los datos de los usuarios y c\u00f3mo ejercer los derechos de acceso, rectificaci\u00f3n, cancelaci\u00f3n y oposici\u00f3n.<\/p><p><br \/><br \/><\/p><h2>Galletas<\/h2><p>Esta web utiliza cookies propias y de terceros para diversas finalidades, incluyendo anal\u00edticas y publicitarias adaptadas a los intereses del usuario. Visualizar esta web con las cookies activadas en el navegador implica la aceptaci\u00f3n de su tratamiento conforme a nuestra pol\u00edtica de cookies.<\/p><p>Lea atentamente nuestra pol\u00edtica de cookies para conocer las tipolog\u00edas de cookies empleadas, y c\u00f3mo bloquearlas o borrarlas en su navegador.<\/p><p><br \/><br \/><\/p><h2>Prevalencia de la versi\u00f3n en espa\u00f1ol<\/h2><p>En caso de que este aviso legal se traduzca a otros idiomas, cuando exista alguna discrepancia, la versi\u00f3n espa\u00f1ola prevalecer\u00e1.<\/p><p><br \/><br \/><\/p><h2>Legislaci\u00f3n aplicable y jurisdicci\u00f3n<\/h2><p>El presente Aviso Legal, as\u00ed como las relaciones entre PREVINTEGRAL y los usuarios, se regir\u00e1n por la normativa espa\u00f1ola vigente y cualquier controversia se someter\u00e1 a los Juzgados y Tribunales de LLEIDA, excepto en el caso de consumidores y usuarios donde se aplicar\u00e1 el fuero imperativo de los juzgados que correspondan a su domicilio. \u00a9 2016 PREVINTEGRAL<\/p>\t\t\t\t\t\t\t\t<\/div>\n\t\t\t\t\t<\/div>\n\t\t\t\t<\/div>\n\t\t\t\t<\/div>","protected":false},"excerpt":{"rendered":"<p>Av\u00eds legal Titularitat de la web i les dades de contacte Previntegral.com \u00e9s un domini d&#8217;internet que t\u00e9 com a propietari PREVINTEGRAL SL amb CIF\/NIF B25511601 i domiciliada a AV. DEL CANAL 11 25230 MOLLERUSSA (LLEIDA). Registre Mercantil de LLEIDA T 787 , F 144, S 8, H L14781. Pot contactar amb PREVINTEGRAL: &#8211; Telef\u00f2nicament: [&hellip;]<\/p>\n","protected":false},"author":1,"featured_media":0,"parent":5764,"menu_order":0,"comment_status":"closed","ping_status":"closed","template":"","meta":{"_acf_changed":false,"footnotes":""},"class_list":["post-5811","page","type-page","status-publish","hentry"],"acf":[],"_links":{"self":[{"href":"https:\/\/testweb.previntegral.com\/es\/wp-json\/wp\/v2\/pages\/5811","targetHints":{"allow":["GET"]}}],"collection":[{"href":"https:\/\/testweb.previntegral.com\/es\/wp-json\/wp\/v2\/pages"}],"about":[{"href":"https:\/\/testweb.previntegral.com\/es\/wp-json\/wp\/v2\/types\/page"}],"author":[{"embeddable":true,"href":"https:\/\/testweb.previntegral.com\/es\/wp-json\/wp\/v2\/users\/1"}],"replies":[{"embeddable":true,"href":"https:\/\/testweb.previntegral.com\/es\/wp-json\/wp\/v2\/comments?post=5811"}],"version-history":[{"count":7,"href":"https:\/\/testweb.previntegral.com\/es\/wp-json\/wp\/v2\/pages\/5811\/revisions"}],"predecessor-version":[{"id":5871,"href":"https:\/\/testweb.previntegral.com\/es\/wp-json\/wp\/v2\/pages\/5811\/revisions\/5871"}],"up":[{"embeddable":true,"href":"https:\/\/testweb.previntegral.com\/es\/wp-json\/wp\/v2\/pages\/5764"}],"wp:attachment":[{"href":"https:\/\/testweb.previntegral.com\/es\/wp-json\/wp\/v2\/media?parent=5811"}],"curies":[{"name":"wp","href":"https:\/\/api.w.org\/{rel}","templated":true}]}}