
{"id":2003,"date":"2025-10-09T13:50:34","date_gmt":"2025-10-09T13:50:34","guid":{"rendered":"https:\/\/testweb.previntegral.com\/?post_type=product&#038;p=2003"},"modified":"2025-10-09T13:50:34","modified_gmt":"2025-10-09T13:50:34","slug":"test-flc-metall-obra-instal%c2%b7lacions-reparacions-muntatges-estructures-metal%c2%b7liques-serralleria-i-fusteria-metal%c2%b7lica","status":"publish","type":"product","link":"https:\/\/testweb.previntegral.com\/es\/producto\/test-flc-metall-obra-instal%c2%b7lacions-reparacions-muntatges-estructures-metal%c2%b7liques-serralleria-i-fusteria-metal%c2%b7lica\/","title":{"rendered":"Prueba de metalurgia FLC: instalaciones, reparaciones, montajes, estructuras met\u00e1licas, herrer\u00eda y carpinter\u00eda met\u00e1lica."},"content":{"rendered":"<p>El curso <strong data-start=\"8\" data-end=\"132\">PRL para trabajos de instalaci\u00f3n, reparaci\u00f3n, montaje, estructuras met\u00e1licas, ferreter\u00eda y carpinter\u00eda met\u00e1lica.<\/strong> es como <strong data-start=\"142\" data-end=\"164\">objetivo principal<\/strong> que el participante adquiere <strong data-start=\"190\" data-end=\"235\">Conocimientos b\u00e1sicos y generales sobre prevenci\u00f3n<\/strong>, ambos a un nivel <strong data-start=\"251\" data-end=\"273\">Tanto te\u00f3rico como pr\u00e1ctico.<\/strong>, que permiten la aplicaci\u00f3n <strong data-start=\"296\" data-end=\"328\">T\u00e9cnicas de trabajo seguras<\/strong> durante la ejecuci\u00f3n de unidades de trabajo relacionadas con el sector metal\u00fargico.<\/p>","protected":false},"excerpt":{"rendered":"<p>El curs PRL per a treballs d\u2019instal\u00b7lacions, reparacions, muntatges, estructures met\u00e0l\u00b7liques, serralleria i fusteria met\u00e0l\u00b7lica t\u00e9 com a objectiu principal que el participant adquireixi coneixements preventius b\u00e0sics i generals, tant a nivell te\u00f2ric com pr\u00e0ctic, que permetin aplicar t\u00e8cniques segures de treball durant l\u2019execuci\u00f3 d\u2019unitats d\u2019obra relacionades amb el sector del metall.<\/p>","protected":false},"featured_media":0,"comment_status":"open","ping_status":"closed","template":"","meta":{"_acf_changed":false},"product_brand":[],"product_cat":[36,41],"product_tag":[],"class_list":{"0":"post-2003","1":"product","2":"type-product","3":"status-publish","5":"product_cat-formacio-de-convenis","6":"product_cat-metall","8":"first","9":"instock","10":"virtual","11":"taxable","12":"purchasable","13":"product-type-curso"},"acf":[],"precio_regular_curso":0,"precio_bonificado_curso":0,"_links":{"self":[{"href":"https:\/\/testweb.previntegral.com\/es\/wp-json\/wp\/v2\/product\/2003","targetHints":{"allow":["GET"]}}],"collection":[{"href":"https:\/\/testweb.previntegral.com\/es\/wp-json\/wp\/v2\/product"}],"about":[{"href":"https:\/\/testweb.previntegral.com\/es\/wp-json\/wp\/v2\/types\/product"}],"replies":[{"embeddable":true,"href":"https:\/\/testweb.previntegral.com\/es\/wp-json\/wp\/v2\/comments?post=2003"}],"wp:attachment":[{"href":"https:\/\/testweb.previntegral.com\/es\/wp-json\/wp\/v2\/media?parent=2003"}],"wp:term":[{"taxonomy":"product_brand","embeddable":true,"href":"https:\/\/testweb.previntegral.com\/es\/wp-json\/wp\/v2\/product_brand?post=2003"},{"taxonomy":"product_cat","embeddable":true,"href":"https:\/\/testweb.previntegral.com\/es\/wp-json\/wp\/v2\/product_cat?post=2003"},{"taxonomy":"product_tag","embeddable":true,"href":"https:\/\/testweb.previntegral.com\/es\/wp-json\/wp\/v2\/product_tag?post=2003"}],"curies":[{"name":"wp","href":"https:\/\/api.w.org\/{rel}","templated":true}]}}