
{"id":3635,"date":"2025-12-03T14:31:07","date_gmt":"2025-12-03T14:31:07","guid":{"rendered":"https:\/\/testweb.previntegral.com\/producto\/delegats-de-prevencio\/"},"modified":"2025-12-03T14:31:14","modified_gmt":"2025-12-03T14:31:14","slug":"delegats-de-prevencio","status":"publish","type":"product","link":"https:\/\/testweb.previntegral.com\/es\/producto\/delegats-de-prevencio\/","title":{"rendered":"Representantes de salud y seguridad"},"content":{"rendered":"<p>El curso de <strong>Representantes de salud y seguridad<\/strong> del sector de la fusta i el moble est\u00e0 dissenyat per dotar els participants de les <strong>compet\u00e8ncies b\u00e0siques i espec\u00edfiques<\/strong> necess\u00e0ries per garantir la seguretat laboral en les obres on intervenen. Amb una durada de 50 hores i impartit en modalitat <strong>En persona<\/strong>, aquest programa s\u2019ajusta als requeriments establerts per la Llei 32\/2006 i al reglament de la <strong>Tarjeta profesional de construcci\u00f3n<\/strong> propi del sector. A trav\u00e9s de les sessions, els delegats aprendran a identificar i gestionar els riscos laborals espec\u00edfics de la fusta i el moble, aix\u00ed com a aplicar la normativa vigent per assegurar un entorn de treball m\u00e9s segur i saludable. Impartit per Previntegral, un centre homologat per la Fundaci\u00f3 Laboral de la Construcci\u00f3, aquest curs prepara el personal que exerceix funcions preventives per actuar amb efic\u00e0cia en la vigil\u00e0ncia i la prevenci\u00f3 dins de la seva empresa.<\/p>","protected":false},"excerpt":{"rendered":"<p>El curs de Delegats de prevenci\u00f3 del sector de la fusta i el moble est\u00e0 dissenyat per dotar els participants de les compet\u00e8ncies b\u00e0siques i espec\u00edfiques necess\u00e0ries per garantir la seguretat laboral en les obres on intervenen. Amb una durada de 50 hores i impartit en modalitat presencial, aquest programa s\u2019ajusta als requeriments establerts per [&hellip;]<\/p>\n","protected":false},"featured_media":3637,"comment_status":"open","ping_status":"closed","template":"","meta":{"_acf_changed":false},"product_brand":[],"product_cat":[42],"product_tag":[],"class_list":{"0":"post-3635","1":"product","2":"type-product","3":"status-publish","4":"has-post-thumbnail","6":"product_cat-fusta-i-moble","8":"first","9":"instock","10":"virtual","11":"taxable","12":"purchasable","13":"product-type-curso"},"acf":[],"precio_regular_curso":599,"precio_bonificado_curso":630,"_links":{"self":[{"href":"https:\/\/testweb.previntegral.com\/es\/wp-json\/wp\/v2\/product\/3635","targetHints":{"allow":["GET"]}}],"collection":[{"href":"https:\/\/testweb.previntegral.com\/es\/wp-json\/wp\/v2\/product"}],"about":[{"href":"https:\/\/testweb.previntegral.com\/es\/wp-json\/wp\/v2\/types\/product"}],"replies":[{"embeddable":true,"href":"https:\/\/testweb.previntegral.com\/es\/wp-json\/wp\/v2\/comments?post=3635"}],"wp:featuredmedia":[{"embeddable":true,"href":"https:\/\/testweb.previntegral.com\/es\/wp-json\/wp\/v2\/media\/3637"}],"wp:attachment":[{"href":"https:\/\/testweb.previntegral.com\/es\/wp-json\/wp\/v2\/media?parent=3635"}],"wp:term":[{"taxonomy":"product_brand","embeddable":true,"href":"https:\/\/testweb.previntegral.com\/es\/wp-json\/wp\/v2\/product_brand?post=3635"},{"taxonomy":"product_cat","embeddable":true,"href":"https:\/\/testweb.previntegral.com\/es\/wp-json\/wp\/v2\/product_cat?post=3635"},{"taxonomy":"product_tag","embeddable":true,"href":"https:\/\/testweb.previntegral.com\/es\/wp-json\/wp\/v2\/product_tag?post=3635"}],"curies":[{"name":"wp","href":"https:\/\/api.w.org\/{rel}","templated":true}]}}