
{"id":3659,"date":"2025-12-03T14:35:00","date_gmt":"2025-12-03T14:35:00","guid":{"rendered":"https:\/\/testweb.previntegral.com\/producto\/fontaneria-i-instalacions-de-climatitzacio\/"},"modified":"2026-02-03T10:02:29","modified_gmt":"2026-02-03T10:02:29","slug":"fontaneria-i-instalacions-de-climatitzacio","status":"publish","type":"product","link":"https:\/\/testweb.previntegral.com\/es\/producto\/fontaneria-i-instalacions-de-climatitzacio\/","title":{"rendered":"Instalaciones de fontaner\u00eda y climatizaci\u00f3n"},"content":{"rendered":"<p>Si formes part del sector de la construcci\u00f3 o vols iniciar-te en aquest \u00e0mbit, especialment en les \u00e0rees de <strong>fontaneria<\/strong> i <strong>instal\u00b7lacions de climatitzaci\u00f3<\/strong>, aquest curs presencial de 20 hores \u00e9s ideal per a tu. Aquesta formaci\u00f3 complix amb la normativa de prevenci\u00f3 de riscos laborals establerta pel <strong>Convenio colectivo para el sector de la construcci\u00f3n<\/strong>, oferint una combinaci\u00f3 de continguts comuns i especialitzats que et prepararan per desenvolupar les teves funcions amb la m\u00e0xima <strong>seguridad<\/strong> i <strong>eficiencia<\/strong>. A m\u00e9s, la formaci\u00f3 s\u2019imparteix en un centre acreditat per la Fundaci\u00f3 Laboral de la Construcci\u00f3, cosa que garanteix la qualitat dels continguts i la seva homologaci\u00f3. \u00c9s una oportunitat per accedir a diferents obres amb la preparaci\u00f3 necess\u00e0ria, assegurant el compliment de la normativa vigent, protegint aix\u00ed tant la teva integritat com la dels teus companys de feina. La modalitat presencial afavoreix un aprenentatge pr\u00e0ctic i directe, fonamental per a aquest sector.<\/p>","protected":false},"excerpt":{"rendered":"<p>Si formes part del sector de la construcci\u00f3 o vols iniciar-te en aquest \u00e0mbit, especialment en les \u00e0rees de fontaneria i instal\u00b7lacions de climatitzaci\u00f3, aquest curs presencial de 20 hores \u00e9s ideal per a tu. Aquesta formaci\u00f3 complix amb la normativa de prevenci\u00f3 de riscos laborals establerta pel Conveni Col\u00b7lectiu del Sector de la Construcci\u00f3, [&hellip;]<\/p>\n","protected":false},"featured_media":3661,"comment_status":"open","ping_status":"closed","template":"","meta":{"_acf_changed":false},"product_brand":[],"product_cat":[38],"product_tag":[],"class_list":{"0":"post-3659","1":"product","2":"type-product","3":"status-publish","4":"has-post-thumbnail","6":"product_cat-construccio","8":"first","9":"instock","10":"virtual","11":"taxable","12":"purchasable","13":"product-type-curso"},"acf":[],"precio_regular_curso":281,"precio_bonificado_curso":296,"_links":{"self":[{"href":"https:\/\/testweb.previntegral.com\/es\/wp-json\/wp\/v2\/product\/3659","targetHints":{"allow":["GET"]}}],"collection":[{"href":"https:\/\/testweb.previntegral.com\/es\/wp-json\/wp\/v2\/product"}],"about":[{"href":"https:\/\/testweb.previntegral.com\/es\/wp-json\/wp\/v2\/types\/product"}],"replies":[{"embeddable":true,"href":"https:\/\/testweb.previntegral.com\/es\/wp-json\/wp\/v2\/comments?post=3659"}],"wp:featuredmedia":[{"embeddable":true,"href":"https:\/\/testweb.previntegral.com\/es\/wp-json\/wp\/v2\/media\/3661"}],"wp:attachment":[{"href":"https:\/\/testweb.previntegral.com\/es\/wp-json\/wp\/v2\/media?parent=3659"}],"wp:term":[{"taxonomy":"product_brand","embeddable":true,"href":"https:\/\/testweb.previntegral.com\/es\/wp-json\/wp\/v2\/product_brand?post=3659"},{"taxonomy":"product_cat","embeddable":true,"href":"https:\/\/testweb.previntegral.com\/es\/wp-json\/wp\/v2\/product_cat?post=3659"},{"taxonomy":"product_tag","embeddable":true,"href":"https:\/\/testweb.previntegral.com\/es\/wp-json\/wp\/v2\/product_tag?post=3659"}],"curies":[{"name":"wp","href":"https:\/\/api.w.org\/{rel}","templated":true}]}}