
{"id":3662,"date":"2025-12-03T14:35:33","date_gmt":"2025-12-03T14:35:33","guid":{"rendered":"https:\/\/testweb.previntegral.com\/producto\/manteniment-de-maquinaria-i-vehicles\/"},"modified":"2026-02-03T10:02:29","modified_gmt":"2026-02-03T10:02:29","slug":"manteniment-de-maquinaria-i-vehicles","status":"publish","type":"product","link":"https:\/\/testweb.previntegral.com\/es\/producto\/manteniment-de-maquinaria-i-vehicles\/","title":{"rendered":"Mantenimiento de maquinaria y veh\u00edculos"},"content":{"rendered":"<p>Este curso de <strong>Mantenimiento de maquinaria y veh\u00edculos<\/strong> est\u00e0 dissenyat espec\u00edficament per a treballadors del sector de la construcci\u00f3 que necessiten complir amb la formaci\u00f3 en <strong>prevenci\u00f3n de riesgos laborales<\/strong> establerta pel Conveni Col\u00b7lectiu del Sector de la Construcci\u00f3. La formaci\u00f3 \u00e9s 100% <strong>En persona<\/strong> i t\u00e9 una durada de 20 hores, dividides en una part comuna o troncal de 14 hores i una especialitat de 6 hores adaptada a les tasques concretes. Aquest curs no nom\u00e9s \u00e9s obligatori per poder treballar en obra, sin\u00f3 que tamb\u00e9 aporta les <strong>competencias<\/strong> i <strong>habilidades<\/strong> necess\u00e0ries per dur a terme les funcions de manera segura i eficient, minimitzant riscos i avaries. A m\u00e9s, es realitza en un centre acreditat per la <strong>Fundaci\u00f3n para el Trabajo en la Construcci\u00f3n<\/strong>, cosa que garanteix la qualitat i validesa de l\u2019aprenentatge i del certificat final.<\/p>","protected":false},"excerpt":{"rendered":"<p>Aquest curs de manteniment de maquin\u00e0ria i vehicles est\u00e0 dissenyat espec\u00edficament per a treballadors del sector de la construcci\u00f3 que necessiten complir amb la formaci\u00f3 en prevenci\u00f3 de riscos laborals establerta pel Conveni Col\u00b7lectiu del Sector de la Construcci\u00f3. La formaci\u00f3 \u00e9s 100% presencial i t\u00e9 una durada de 20 hores, dividides en una part [&hellip;]<\/p>\n","protected":false},"featured_media":3664,"comment_status":"open","ping_status":"closed","template":"","meta":{"_acf_changed":false},"product_brand":[],"product_cat":[38],"product_tag":[],"class_list":{"0":"post-3662","1":"product","2":"type-product","3":"status-publish","4":"has-post-thumbnail","6":"product_cat-construccio","8":"first","9":"instock","10":"virtual","11":"taxable","12":"purchasable","13":"product-type-curso"},"acf":[],"precio_regular_curso":281,"precio_bonificado_curso":296,"_links":{"self":[{"href":"https:\/\/testweb.previntegral.com\/es\/wp-json\/wp\/v2\/product\/3662","targetHints":{"allow":["GET"]}}],"collection":[{"href":"https:\/\/testweb.previntegral.com\/es\/wp-json\/wp\/v2\/product"}],"about":[{"href":"https:\/\/testweb.previntegral.com\/es\/wp-json\/wp\/v2\/types\/product"}],"replies":[{"embeddable":true,"href":"https:\/\/testweb.previntegral.com\/es\/wp-json\/wp\/v2\/comments?post=3662"}],"wp:featuredmedia":[{"embeddable":true,"href":"https:\/\/testweb.previntegral.com\/es\/wp-json\/wp\/v2\/media\/3664"}],"wp:attachment":[{"href":"https:\/\/testweb.previntegral.com\/es\/wp-json\/wp\/v2\/media?parent=3662"}],"wp:term":[{"taxonomy":"product_brand","embeddable":true,"href":"https:\/\/testweb.previntegral.com\/es\/wp-json\/wp\/v2\/product_brand?post=3662"},{"taxonomy":"product_cat","embeddable":true,"href":"https:\/\/testweb.previntegral.com\/es\/wp-json\/wp\/v2\/product_cat?post=3662"},{"taxonomy":"product_tag","embeddable":true,"href":"https:\/\/testweb.previntegral.com\/es\/wp-json\/wp\/v2\/product_tag?post=3662"}],"curies":[{"name":"wp","href":"https:\/\/api.w.org\/{rel}","templated":true}]}}