
{"id":3665,"date":"2025-12-03T14:36:08","date_gmt":"2025-12-03T14:36:08","guid":{"rendered":"https:\/\/testweb.previntegral.com\/producto\/muntador-descaiola-plaques-de-guix-laminat-i-assimilats\/"},"modified":"2026-02-03T10:02:29","modified_gmt":"2026-02-03T10:02:29","slug":"muntador-descaiola-plaques-de-guix-laminat-i-assimilats","status":"publish","type":"product","link":"https:\/\/testweb.previntegral.com\/es\/producto\/muntador-descaiola-plaques-de-guix-laminat-i-assimilats\/","title":{"rendered":"Instalador de paneles de yeso laminado y materiales similares."},"content":{"rendered":"<p>Si vols especialitzar-te com a <strong>muntador d\u2019escaiola, plaques de guix laminat i assimilats<\/strong> en el sector de la construcci\u00f3, aquest curs \u00e9s imprescindible per a tu. Amb una durada de 20 hores i en modalitat <strong>En persona<\/strong>, aquesta formaci\u00f3 est\u00e0 dissenyada segons el que estipula el <strong>Convenio colectivo para el sector de la construcci\u00f3n<\/strong>. A trav\u00e9s d\u2019una combinaci\u00f3 equilibrada entre teoria i pr\u00e0ctica, adquirir\u00e0s els coneixements i <strong>Competencias clave<\/strong> en la <strong>prevenci\u00f3n de riesgos laborales<\/strong>, aix\u00ed com les t\u00e8cniques adequades per manipular i muntar els materials d\u2019escaiola i guix laminat amb total seguretat. Aquest curs compleix amb totes les <strong>obligaciones de formaci\u00f3n<\/strong> legals i professionals, assegurant que estiguis preparat per treballar amb qualitat i responsabilitat, augmentant la teva professionalitzaci\u00f3 i competitivitat en el sector. La formaci\u00f3 presencial tamb\u00e9 facilita la interacci\u00f3 directa amb experts i companys, cosa que enriqueix l\u2019aprenentatge i la pr\u00e0ctica.<\/p>","protected":false},"excerpt":{"rendered":"<p>Si vols especialitzar-te com a muntador d\u2019escaiola, plaques de guix laminat i assimilats en el sector de la construcci\u00f3, aquest curs \u00e9s imprescindible per a tu. Amb una durada de 20 hores i en modalitat presencial, aquesta formaci\u00f3 est\u00e0 dissenyada segons el que estipula el conveni col\u00b7lectiu del sector de la construcci\u00f3. A trav\u00e9s d\u2019una [&hellip;]<\/p>\n","protected":false},"featured_media":3667,"comment_status":"open","ping_status":"closed","template":"","meta":{"_acf_changed":false},"product_brand":[],"product_cat":[38],"product_tag":[],"class_list":{"0":"post-3665","1":"product","2":"type-product","3":"status-publish","4":"has-post-thumbnail","6":"product_cat-construccio","8":"first","9":"instock","10":"virtual","11":"taxable","12":"purchasable","13":"product-type-curso"},"acf":[],"precio_regular_curso":281,"precio_bonificado_curso":296,"_links":{"self":[{"href":"https:\/\/testweb.previntegral.com\/es\/wp-json\/wp\/v2\/product\/3665","targetHints":{"allow":["GET"]}}],"collection":[{"href":"https:\/\/testweb.previntegral.com\/es\/wp-json\/wp\/v2\/product"}],"about":[{"href":"https:\/\/testweb.previntegral.com\/es\/wp-json\/wp\/v2\/types\/product"}],"replies":[{"embeddable":true,"href":"https:\/\/testweb.previntegral.com\/es\/wp-json\/wp\/v2\/comments?post=3665"}],"wp:featuredmedia":[{"embeddable":true,"href":"https:\/\/testweb.previntegral.com\/es\/wp-json\/wp\/v2\/media\/3667"}],"wp:attachment":[{"href":"https:\/\/testweb.previntegral.com\/es\/wp-json\/wp\/v2\/media?parent=3665"}],"wp:term":[{"taxonomy":"product_brand","embeddable":true,"href":"https:\/\/testweb.previntegral.com\/es\/wp-json\/wp\/v2\/product_brand?post=3665"},{"taxonomy":"product_cat","embeddable":true,"href":"https:\/\/testweb.previntegral.com\/es\/wp-json\/wp\/v2\/product_cat?post=3665"},{"taxonomy":"product_tag","embeddable":true,"href":"https:\/\/testweb.previntegral.com\/es\/wp-json\/wp\/v2\/product_tag?post=3665"}],"curies":[{"name":"wp","href":"https:\/\/api.w.org\/{rel}","templated":true}]}}