
{"id":3668,"date":"2025-12-03T14:36:34","date_gmt":"2025-12-03T14:36:34","guid":{"rendered":"https:\/\/testweb.previntegral.com\/producto\/muntatge-destructures-tubulars\/"},"modified":"2026-02-03T10:02:29","modified_gmt":"2026-02-03T10:02:29","slug":"muntatge-destructures-tubulars","status":"publish","type":"product","link":"https:\/\/testweb.previntegral.com\/es\/producto\/muntatge-destructures-tubulars\/","title":{"rendered":"Montaje de estructuras tubulares"},"content":{"rendered":"<p>Si formes part del sector de la construcci\u00f3 i vols garantir el compliment de la normativa vigent, aquest curs presencial de 20 hores en <strong>Montaje de estructuras tubulares<\/strong> \u00e9s la soluci\u00f3 perfecta. Amb una combinaci\u00f3 equilibrada entre la part troncal i una especialitzaci\u00f3 concreta, t\u2019ajudar\u00e0 a adquirir les <strong>compet\u00e8ncies t\u00e8cniques i de seguretat<\/strong> necess\u00e0ries per desenvolupar-te d\u2019una manera segura i efica\u00e7. La formaci\u00f3 est\u00e0 dissenyada d\u2019acord amb les exig\u00e8ncies de la Llei de Prevenci\u00f3 de Riscos Laborals i el conveni col\u00b7lectiu del sector, garantint que compleixes amb totes les <strong>obligaciones de formaci\u00f3n<\/strong>. Amb l\u2019experi\u00e8ncia d\u2019un centre acreditat per la Fundaci\u00f3 Laboral de la Construcci\u00f3, el curs combina aprenentatge pr\u00e0ctic amb continguts actualitzats. Aquesta formaci\u00f3 presencial et permetr\u00e0 accedir amb garanties a les obres, millorar la teva efici\u00e8ncia i contribuir a la professionalitzaci\u00f3 dins d\u2019un sector clau i en cont\u00ednua evoluci\u00f3.<\/p>","protected":false},"excerpt":{"rendered":"<p>Si formes part del sector de la construcci\u00f3 i vols garantir el compliment de la normativa vigent, aquest curs presencial de 20 hores en muntatge d\u2019estructures tubulars \u00e9s la soluci\u00f3 perfecta. Amb una combinaci\u00f3 equilibrada entre la part troncal i una especialitzaci\u00f3 concreta, t\u2019ajudar\u00e0 a adquirir les compet\u00e8ncies t\u00e8cniques i de seguretat necess\u00e0ries per desenvolupar-te [&hellip;]<\/p>\n","protected":false},"featured_media":3670,"comment_status":"open","ping_status":"closed","template":"","meta":{"_acf_changed":false},"product_brand":[],"product_cat":[38],"product_tag":[],"class_list":{"0":"post-3668","1":"product","2":"type-product","3":"status-publish","4":"has-post-thumbnail","6":"product_cat-construccio","8":"first","9":"instock","10":"virtual","11":"taxable","12":"purchasable","13":"product-type-curso"},"acf":[],"precio_regular_curso":281,"precio_bonificado_curso":296,"_links":{"self":[{"href":"https:\/\/testweb.previntegral.com\/es\/wp-json\/wp\/v2\/product\/3668","targetHints":{"allow":["GET"]}}],"collection":[{"href":"https:\/\/testweb.previntegral.com\/es\/wp-json\/wp\/v2\/product"}],"about":[{"href":"https:\/\/testweb.previntegral.com\/es\/wp-json\/wp\/v2\/types\/product"}],"replies":[{"embeddable":true,"href":"https:\/\/testweb.previntegral.com\/es\/wp-json\/wp\/v2\/comments?post=3668"}],"wp:featuredmedia":[{"embeddable":true,"href":"https:\/\/testweb.previntegral.com\/es\/wp-json\/wp\/v2\/media\/3670"}],"wp:attachment":[{"href":"https:\/\/testweb.previntegral.com\/es\/wp-json\/wp\/v2\/media?parent=3668"}],"wp:term":[{"taxonomy":"product_brand","embeddable":true,"href":"https:\/\/testweb.previntegral.com\/es\/wp-json\/wp\/v2\/product_brand?post=3668"},{"taxonomy":"product_cat","embeddable":true,"href":"https:\/\/testweb.previntegral.com\/es\/wp-json\/wp\/v2\/product_cat?post=3668"},{"taxonomy":"product_tag","embeddable":true,"href":"https:\/\/testweb.previntegral.com\/es\/wp-json\/wp\/v2\/product_tag?post=3668"}],"curies":[{"name":"wp","href":"https:\/\/api.w.org\/{rel}","templated":true}]}}