
{"id":3677,"date":"2025-12-03T14:38:06","date_gmt":"2025-12-03T14:38:06","guid":{"rendered":"https:\/\/testweb.previntegral.com\/producto\/operadors-dequips-manuals\/"},"modified":"2026-02-03T10:02:29","modified_gmt":"2026-02-03T10:02:29","slug":"operadors-dequips-manuals","status":"publish","type":"product","link":"https:\/\/testweb.previntegral.com\/es\/producto\/operadors-dequips-manuals\/","title":{"rendered":"Operadores de equipos manuales"},"content":{"rendered":"<p>Si treballes en el sector de la construcci\u00f3 o hi vols accedir, aquest curs d\u2019<strong>operadors d\u2019equips manuals<\/strong> \u00e9s clau per garantir que compleixes amb la normativa de prevenci\u00f3 de riscos laborals espec\u00edfica del conveni col\u00b7lectiu. La formaci\u00f3, completament <strong>En persona<\/strong> i amb una durada de 20 hores, est\u00e0 dissenyada per aportar-te les <strong>Habilidades necesarias<\/strong> per manejar de manera segura i efica\u00e7 els equips manuals en entorns d\u2019obra. Es tracta d\u2019un programa que combina una part comuna amb una especialitat, ajustat a la normativa de la <strong>Fundaci\u00f3n para el Trabajo en la Construcci\u00f3n<\/strong>, i el qual \u00e9s obligatori per a tots els operadors dins d\u2019aquest sector. Gr\u00e0cies a aquesta formaci\u00f3, no nom\u00e9s podr\u00e0s treballar amb totes les garanties legals, sin\u00f3 que tamb\u00e9 aprendre a identificar i prevenir riscos espec\u00edfics relacionats amb el teu equip de treball, assegurant un entorn laboral m\u00e9s segur per a tu i els teus companys.<\/p>","protected":false},"excerpt":{"rendered":"<p>Si treballes en el sector de la construcci\u00f3 o hi vols accedir, aquest curs d\u2019operadors d\u2019equips manuals \u00e9s clau per garantir que compleixes amb la normativa de prevenci\u00f3 de riscos laborals espec\u00edfica del conveni col\u00b7lectiu. La formaci\u00f3, completament presencial i amb una durada de 20 hores, est\u00e0 dissenyada per aportar-te les compet\u00e8ncies necess\u00e0ries per manejar [&hellip;]<\/p>\n","protected":false},"featured_media":3679,"comment_status":"open","ping_status":"closed","template":"","meta":{"_acf_changed":false},"product_brand":[],"product_cat":[38],"product_tag":[],"class_list":{"0":"post-3677","1":"product","2":"type-product","3":"status-publish","4":"has-post-thumbnail","6":"product_cat-construccio","8":"first","9":"instock","10":"virtual","11":"taxable","12":"purchasable","13":"product-type-curso"},"acf":[],"precio_regular_curso":281,"precio_bonificado_curso":296,"_links":{"self":[{"href":"https:\/\/testweb.previntegral.com\/es\/wp-json\/wp\/v2\/product\/3677","targetHints":{"allow":["GET"]}}],"collection":[{"href":"https:\/\/testweb.previntegral.com\/es\/wp-json\/wp\/v2\/product"}],"about":[{"href":"https:\/\/testweb.previntegral.com\/es\/wp-json\/wp\/v2\/types\/product"}],"replies":[{"embeddable":true,"href":"https:\/\/testweb.previntegral.com\/es\/wp-json\/wp\/v2\/comments?post=3677"}],"wp:featuredmedia":[{"embeddable":true,"href":"https:\/\/testweb.previntegral.com\/es\/wp-json\/wp\/v2\/media\/3679"}],"wp:attachment":[{"href":"https:\/\/testweb.previntegral.com\/es\/wp-json\/wp\/v2\/media?parent=3677"}],"wp:term":[{"taxonomy":"product_brand","embeddable":true,"href":"https:\/\/testweb.previntegral.com\/es\/wp-json\/wp\/v2\/product_brand?post=3677"},{"taxonomy":"product_cat","embeddable":true,"href":"https:\/\/testweb.previntegral.com\/es\/wp-json\/wp\/v2\/product_cat?post=3677"},{"taxonomy":"product_tag","embeddable":true,"href":"https:\/\/testweb.previntegral.com\/es\/wp-json\/wp\/v2\/product_tag?post=3677"}],"curies":[{"name":"wp","href":"https:\/\/api.w.org\/{rel}","templated":true}]}}