
{"id":3696,"date":"2025-12-03T14:53:26","date_gmt":"2025-12-03T14:53:26","guid":{"rendered":"https:\/\/testweb.previntegral.com\/producto\/revestiments-de-guix\/"},"modified":"2026-02-03T10:02:29","modified_gmt":"2026-02-03T10:02:29","slug":"revestiments-de-guix","status":"publish","type":"product","link":"https:\/\/testweb.previntegral.com\/es\/producto\/revestiments-de-guix\/","title":{"rendered":"Revestimiento de placas de yeso"},"content":{"rendered":"<p>Si treballes en el sector de la construcci\u00f3 o vols accedir-hi, \u00e9s essencial comptar amb una <strong>formaci\u00f3 homologada i especialitzada<\/strong> en prevenci\u00f3 de riscos laborals que compleixi amb el <strong>Convenio colectivo para el sector de la construcci\u00f3n<\/strong>. Aquest curs de <strong>20 horas<\/strong> impartit en modalitat <strong>En persona<\/strong> est\u00e0 dissenyat per oferir una formaci\u00f3 pr\u00e0ctica i completa en l\u2019aplicaci\u00f3 segura i eficient dels <strong>revestiments de guix<\/strong>. La formaci\u00f3 combina una part comuna i una especialitzada per garantir que els alumnes coneguin les pr\u00e0ctiques i protocols imprescindibles per actuar en obra amb tota seguretat. Organitzat per un centre acreditat per la <strong>Fundaci\u00f3n para el Trabajo en la Construcci\u00f3n<\/strong>, aquest curs assegura el reconeixement i la qualitat necessaris per a treballar dins el sector amb totes les garanties professionals i legals, millorant les teves compet\u00e8ncies i facilitant el compliment normatiu de la teva empresa.<\/p>","protected":false},"excerpt":{"rendered":"<p>Si treballes en el sector de la construcci\u00f3 o vols accedir-hi, \u00e9s essencial comptar amb una formaci\u00f3 homologada i especialitzada en prevenci\u00f3 de riscos laborals que compleixi amb el Convenio Col\u00b7lectiu del Sector de la Construcci\u00f3. Aquest curs de 20 hores impartit en modalitat presencial est\u00e0 dissenyat per oferir una formaci\u00f3 pr\u00e0ctica i completa en [&hellip;]<\/p>\n","protected":false},"featured_media":3698,"comment_status":"open","ping_status":"closed","template":"","meta":{"_acf_changed":false},"product_brand":[],"product_cat":[38],"product_tag":[],"class_list":{"0":"post-3696","1":"product","2":"type-product","3":"status-publish","4":"has-post-thumbnail","6":"product_cat-construccio","8":"first","9":"instock","10":"virtual","11":"taxable","12":"purchasable","13":"product-type-curso"},"acf":[],"precio_regular_curso":281,"precio_bonificado_curso":296,"_links":{"self":[{"href":"https:\/\/testweb.previntegral.com\/es\/wp-json\/wp\/v2\/product\/3696","targetHints":{"allow":["GET"]}}],"collection":[{"href":"https:\/\/testweb.previntegral.com\/es\/wp-json\/wp\/v2\/product"}],"about":[{"href":"https:\/\/testweb.previntegral.com\/es\/wp-json\/wp\/v2\/types\/product"}],"replies":[{"embeddable":true,"href":"https:\/\/testweb.previntegral.com\/es\/wp-json\/wp\/v2\/comments?post=3696"}],"wp:featuredmedia":[{"embeddable":true,"href":"https:\/\/testweb.previntegral.com\/es\/wp-json\/wp\/v2\/media\/3698"}],"wp:attachment":[{"href":"https:\/\/testweb.previntegral.com\/es\/wp-json\/wp\/v2\/media?parent=3696"}],"wp:term":[{"taxonomy":"product_brand","embeddable":true,"href":"https:\/\/testweb.previntegral.com\/es\/wp-json\/wp\/v2\/product_brand?post=3696"},{"taxonomy":"product_cat","embeddable":true,"href":"https:\/\/testweb.previntegral.com\/es\/wp-json\/wp\/v2\/product_cat?post=3696"},{"taxonomy":"product_tag","embeddable":true,"href":"https:\/\/testweb.previntegral.com\/es\/wp-json\/wp\/v2\/product_tag?post=3696"}],"curies":[{"name":"wp","href":"https:\/\/api.w.org\/{rel}","templated":true}]}}