
{"id":3699,"date":"2025-12-03T14:53:51","date_gmt":"2025-12-03T14:53:51","guid":{"rendered":"https:\/\/testweb.previntegral.com\/producto\/revestiments-exteriors\/"},"modified":"2026-02-03T10:02:29","modified_gmt":"2026-02-03T10:02:29","slug":"revestiments-exteriors","status":"publish","type":"product","link":"https:\/\/testweb.previntegral.com\/es\/producto\/revestiments-exteriors\/","title":{"rendered":"Revestimiento exterior"},"content":{"rendered":"<p>Si treballes o vols incorporar-te al sector de la construcci\u00f3, aquest curs de <strong>revestiments exteriors<\/strong> \u00e9s una formaci\u00f3 clau per a tu. Amb una durada de 20 hores i impartit de forma 100% <strong>En persona<\/strong>, el curs combina una part comuna de 14 hores, compartida amb altres oficis, i una especialitzaci\u00f3 de 6 hores que s\u2019enfoca espec\u00edficament en les t\u00e8cniques i els riscos associats als revestiments exteriors. Aquesta formaci\u00f3 \u00e9s obligat\u00f2ria per complir amb la normativa vigent del <strong>Convenio colectivo para el sector de la construcci\u00f3n<\/strong> i est\u00e0 homologada per la Fundaci\u00f3 Laboral de la Construcci\u00f3, la qual cosa assegura que la teva capacitaci\u00f3 \u00e9s oficial i reconeguda. A m\u00e9s, t\u2019ofereix els coneixements necessaris per identificar perills i aplicar mesures de <strong>prevenci\u00f3n de riesgos laborales<\/strong>, millorant aix\u00ed la seguretat i l\u2019efici\u00e8ncia en l\u2019entorn d\u2019obra, per garantir un desenvolupament professional segur i competent.<\/p>","protected":false},"excerpt":{"rendered":"<p>Si treballes o vols incorporar-te al sector de la construcci\u00f3, aquest curs de revestiments exteriors \u00e9s una formaci\u00f3 clau per a tu. Amb una durada de 20 hores i impartit de forma 100% presencial, el curs combina una part comuna de 14 hores, compartida amb altres oficis, i una especialitzaci\u00f3 de 6 hores que s\u2019enfoca [&hellip;]<\/p>\n","protected":false},"featured_media":3701,"comment_status":"open","ping_status":"closed","template":"","meta":{"_acf_changed":false},"product_brand":[],"product_cat":[38],"product_tag":[],"class_list":{"0":"post-3699","1":"product","2":"type-product","3":"status-publish","4":"has-post-thumbnail","6":"product_cat-construccio","8":"first","9":"instock","10":"virtual","11":"taxable","12":"purchasable","13":"product-type-curso"},"acf":[],"precio_regular_curso":281,"precio_bonificado_curso":296,"_links":{"self":[{"href":"https:\/\/testweb.previntegral.com\/es\/wp-json\/wp\/v2\/product\/3699","targetHints":{"allow":["GET"]}}],"collection":[{"href":"https:\/\/testweb.previntegral.com\/es\/wp-json\/wp\/v2\/product"}],"about":[{"href":"https:\/\/testweb.previntegral.com\/es\/wp-json\/wp\/v2\/types\/product"}],"replies":[{"embeddable":true,"href":"https:\/\/testweb.previntegral.com\/es\/wp-json\/wp\/v2\/comments?post=3699"}],"wp:featuredmedia":[{"embeddable":true,"href":"https:\/\/testweb.previntegral.com\/es\/wp-json\/wp\/v2\/media\/3701"}],"wp:attachment":[{"href":"https:\/\/testweb.previntegral.com\/es\/wp-json\/wp\/v2\/media?parent=3699"}],"wp:term":[{"taxonomy":"product_brand","embeddable":true,"href":"https:\/\/testweb.previntegral.com\/es\/wp-json\/wp\/v2\/product_brand?post=3699"},{"taxonomy":"product_cat","embeddable":true,"href":"https:\/\/testweb.previntegral.com\/es\/wp-json\/wp\/v2\/product_cat?post=3699"},{"taxonomy":"product_tag","embeddable":true,"href":"https:\/\/testweb.previntegral.com\/es\/wp-json\/wp\/v2\/product_tag?post=3699"}],"curies":[{"name":"wp","href":"https:\/\/api.w.org\/{rel}","templated":true}]}}