
{"id":3702,"date":"2025-12-03T14:54:29","date_gmt":"2025-12-03T14:54:29","guid":{"rendered":"https:\/\/testweb.previntegral.com\/producto\/treballs-daillament-i-impermeabilitzacio\/"},"modified":"2026-02-03T10:02:29","modified_gmt":"2026-02-03T10:02:29","slug":"treballs-daillament-i-impermeabilitzacio","status":"publish","type":"product","link":"https:\/\/testweb.previntegral.com\/es\/producto\/treballs-daillament-i-impermeabilitzacio\/","title":{"rendered":"Trabajos de aislamiento e impermeabilizaci\u00f3n"},"content":{"rendered":"<p>Si treballes en el sector de la construcci\u00f3 i vols millorar les teves <strong>Habilidades profesionales<\/strong>, aquest curs presencial de 20 hores \u00e9s ideal per a tu. Est\u00e0 dissenyat segons les exig\u00e8ncies del <strong>Convenio Col\u00b7lectivo del Sector de la Construcci\u00f3<\/strong> i combina continguts te\u00f2rics i pr\u00e0ctics per garantir una formaci\u00f3 integral en <strong>treballs d\u2019a\u00efllament i impermeabilitzaci\u00f3<\/strong>. Durant la formaci\u00f3, aprendr\u00e0s les t\u00e8cniques m\u00e9s eficients i segures per dur a terme aquestes tasques, aix\u00ed com les normes essencials de <strong>prevenci\u00f3n de riesgos laborales<\/strong> espec\u00edfiques del sector. El curs es divideix en una part comuna, \u00fatil per a diversos oficis, i una especialitzaci\u00f3 que aprofundeix en l\u2019a\u00efllament i la impermeabilitzaci\u00f3, assegurant que adquireixis els coneixements necessaris per complir amb la normativa vigent. Amb el suport d\u2019un centre homologat per la <strong>Fundaci\u00f3n para el Trabajo en la Construcci\u00f3n<\/strong>, aquesta formaci\u00f3 t\u2019ajudar\u00e0 a desenvolupar la teva activitat amb seguretat, efic\u00e0cia i qualitat.<\/p>","protected":false},"excerpt":{"rendered":"<p>Si treballes en el sector de la construcci\u00f3 i vols millorar les teves compet\u00e8ncies professionals, aquest curs presencial de 20 hores \u00e9s ideal per a tu. Est\u00e0 dissenyat segons les exig\u00e8ncies del Convenio Col\u00b7lectivo del Sector de la Construcci\u00f3 i combina continguts te\u00f2rics i pr\u00e0ctics per garantir una formaci\u00f3 integral en treballs d\u2019a\u00efllament i impermeabilitzaci\u00f3. [&hellip;]<\/p>\n","protected":false},"featured_media":3704,"comment_status":"open","ping_status":"closed","template":"","meta":{"_acf_changed":false},"product_brand":[],"product_cat":[38],"product_tag":[],"class_list":{"0":"post-3702","1":"product","2":"type-product","3":"status-publish","4":"has-post-thumbnail","6":"product_cat-construccio","8":"first","9":"instock","10":"virtual","11":"taxable","12":"purchasable","13":"product-type-curso"},"acf":[],"precio_regular_curso":281,"precio_bonificado_curso":296,"_links":{"self":[{"href":"https:\/\/testweb.previntegral.com\/es\/wp-json\/wp\/v2\/product\/3702","targetHints":{"allow":["GET"]}}],"collection":[{"href":"https:\/\/testweb.previntegral.com\/es\/wp-json\/wp\/v2\/product"}],"about":[{"href":"https:\/\/testweb.previntegral.com\/es\/wp-json\/wp\/v2\/types\/product"}],"replies":[{"embeddable":true,"href":"https:\/\/testweb.previntegral.com\/es\/wp-json\/wp\/v2\/comments?post=3702"}],"wp:featuredmedia":[{"embeddable":true,"href":"https:\/\/testweb.previntegral.com\/es\/wp-json\/wp\/v2\/media\/3704"}],"wp:attachment":[{"href":"https:\/\/testweb.previntegral.com\/es\/wp-json\/wp\/v2\/media?parent=3702"}],"wp:term":[{"taxonomy":"product_brand","embeddable":true,"href":"https:\/\/testweb.previntegral.com\/es\/wp-json\/wp\/v2\/product_brand?post=3702"},{"taxonomy":"product_cat","embeddable":true,"href":"https:\/\/testweb.previntegral.com\/es\/wp-json\/wp\/v2\/product_cat?post=3702"},{"taxonomy":"product_tag","embeddable":true,"href":"https:\/\/testweb.previntegral.com\/es\/wp-json\/wp\/v2\/product_tag?post=3702"}],"curies":[{"name":"wp","href":"https:\/\/api.w.org\/{rel}","templated":true}]}}