
{"id":3705,"date":"2025-12-03T14:55:04","date_gmt":"2025-12-03T14:55:04","guid":{"rendered":"https:\/\/testweb.previntegral.com\/producto\/treballs-darqueologia\/"},"modified":"2026-02-03T10:02:29","modified_gmt":"2026-02-03T10:02:29","slug":"treballs-darqueologia","status":"publish","type":"product","link":"https:\/\/testweb.previntegral.com\/es\/producto\/treballs-darqueologia\/","title":{"rendered":"Trabajos arqueol\u00f3gicos."},"content":{"rendered":"<p>Si treballes en el sector de la construcci\u00f3 i vols especialitzar-te en els <strong>treballs d&#8217;arqueologia<\/strong>, aquest curs presencial de 20 hores \u00e9s ideal per a tu. Est\u00e0 dissenyat per complir amb les exig\u00e8ncies del <strong>Convenio colectivo para el sector de la construcci\u00f3n<\/strong> en mat\u00e8ria de prevenci\u00f3 de riscos laborals, garantint que adquireixis les <strong>competencias<\/strong> necess\u00e0ries per a desenvolupar les tasques de manera segura i efica\u00e7. La formaci\u00f3 combina una part comuna de 14 hores que aborda conceptes essencials per a tots els oficis del sector, amb una especialitat de 6 hores dirigida a les particularitats dels treballs arqueol\u00f2gics. A m\u00e9s, est\u00e0 impartida per un centre homologat per la Fundaci\u00f3 Laboral de la Construcci\u00f3, la qual cosa assegura la qualitat i vig\u00e8ncia del certificat que obtindr\u00e0s. Aquesta experi\u00e8ncia formativa presencial et preparar\u00e0 per a afrontar les exig\u00e8ncies del teu lloc amb una base s\u00f2lida i actualitzada en <strong>prevenci\u00f3n de riesgos<\/strong>.<\/p>","protected":false},"excerpt":{"rendered":"<p>Si treballes en el sector de la construcci\u00f3 i vols especialitzar-te en els treballs d&#8217;arqueologia, aquest curs presencial de 20 hores \u00e9s ideal per a tu. Est\u00e0 dissenyat per complir amb les exig\u00e8ncies del Conven\u00ed Col\u00b7lectiu del Sector de la Construcci\u00f3 en mat\u00e8ria de prevenci\u00f3 de riscos laborals, garantint que adquireixis les compet\u00e8ncies necess\u00e0ries per [&hellip;]<\/p>\n","protected":false},"featured_media":3707,"comment_status":"open","ping_status":"closed","template":"","meta":{"_acf_changed":false},"product_brand":[],"product_cat":[38],"product_tag":[],"class_list":{"0":"post-3705","1":"product","2":"type-product","3":"status-publish","4":"has-post-thumbnail","6":"product_cat-construccio","8":"first","9":"instock","10":"virtual","11":"taxable","12":"purchasable","13":"product-type-curso"},"acf":[],"precio_regular_curso":281,"precio_bonificado_curso":296,"_links":{"self":[{"href":"https:\/\/testweb.previntegral.com\/es\/wp-json\/wp\/v2\/product\/3705","targetHints":{"allow":["GET"]}}],"collection":[{"href":"https:\/\/testweb.previntegral.com\/es\/wp-json\/wp\/v2\/product"}],"about":[{"href":"https:\/\/testweb.previntegral.com\/es\/wp-json\/wp\/v2\/types\/product"}],"replies":[{"embeddable":true,"href":"https:\/\/testweb.previntegral.com\/es\/wp-json\/wp\/v2\/comments?post=3705"}],"wp:featuredmedia":[{"embeddable":true,"href":"https:\/\/testweb.previntegral.com\/es\/wp-json\/wp\/v2\/media\/3707"}],"wp:attachment":[{"href":"https:\/\/testweb.previntegral.com\/es\/wp-json\/wp\/v2\/media?parent=3705"}],"wp:term":[{"taxonomy":"product_brand","embeddable":true,"href":"https:\/\/testweb.previntegral.com\/es\/wp-json\/wp\/v2\/product_brand?post=3705"},{"taxonomy":"product_cat","embeddable":true,"href":"https:\/\/testweb.previntegral.com\/es\/wp-json\/wp\/v2\/product_cat?post=3705"},{"taxonomy":"product_tag","embeddable":true,"href":"https:\/\/testweb.previntegral.com\/es\/wp-json\/wp\/v2\/product_tag?post=3705"}],"curies":[{"name":"wp","href":"https:\/\/api.w.org\/{rel}","templated":true}]}}