
{"id":3708,"date":"2025-12-03T14:55:26","date_gmt":"2025-12-03T14:55:26","guid":{"rendered":"https:\/\/testweb.previntegral.com\/producto\/treballs-de-conservacio-i-explotacio-de-carreteres\/"},"modified":"2026-02-03T10:02:29","modified_gmt":"2026-02-03T10:02:29","slug":"treballs-de-conservacio-i-explotacio-de-carreteres","status":"publish","type":"product","link":"https:\/\/testweb.previntegral.com\/es\/producto\/treballs-de-conservacio-i-explotacio-de-carreteres\/","title":{"rendered":"Trabajos de mantenimiento y explotaci\u00f3n de carreteras"},"content":{"rendered":"<p>Si treballes en el sector de la construcci\u00f3 i vols desenvolupar les teves tasques en conservaci\u00f3 i explotaci\u00f3 de carreteres amb seguretat, aquest curs presencial de 20 hores \u00e9s ideal per a tu. Es tracta d\u2019una formaci\u00f3 essencial que compleix amb les obligacions establertes pel Conveni Col\u00b7lectiu del Sector de la Construcci\u00f3 i posa l\u2019accent en la <strong>formaci\u00f3 b\u00e0sica i espec\u00edfica en prevenci\u00f3 de riscos laborals<\/strong>. La formaci\u00f3 es divideix en una part comuna de 14 hores, que nom\u00e9s cal fer una vegada, i una especialitat de 6 hores adaptada a les teves tasques particulars dins l\u2019ofici. A trav\u00e9s d\u2019aquesta modalitat presencial, obtindr\u00e0s les <strong>compet\u00e8ncies i habilitats<\/strong> necess\u00e0ries per promoure un entorn de treball segur i efica\u00e7, garantint l\u2019aplicaci\u00f3 correcta dels protocols de seguretat segons la normativa vigent. Previntegral, centre homologat per la Fundaci\u00f3 Laboral de la Construcci\u00f3, t\u2019ofereix un aprenentatge pr\u00e0ctic, actualitzat i reconegut que t\u2019ajudar\u00e0 a complir els requisits legals i a avan\u00e7ar professionalment.<\/p>","protected":false},"excerpt":{"rendered":"<p>Si treballes en el sector de la construcci\u00f3 i vols desenvolupar les teves tasques en conservaci\u00f3 i explotaci\u00f3 de carreteres amb seguretat, aquest curs presencial de 20 hores \u00e9s ideal per a tu. Es tracta d\u2019una formaci\u00f3 essencial que compleix amb les obligacions establertes pel Conveni Col\u00b7lectiu del Sector de la Construcci\u00f3 i posa l\u2019accent [&hellip;]<\/p>\n","protected":false},"featured_media":3710,"comment_status":"open","ping_status":"closed","template":"","meta":{"_acf_changed":false},"product_brand":[],"product_cat":[38],"product_tag":[],"class_list":{"0":"post-3708","1":"product","2":"type-product","3":"status-publish","4":"has-post-thumbnail","6":"product_cat-construccio","8":"first","9":"instock","10":"virtual","11":"taxable","12":"purchasable","13":"product-type-curso"},"acf":[],"precio_regular_curso":281,"precio_bonificado_curso":296,"_links":{"self":[{"href":"https:\/\/testweb.previntegral.com\/es\/wp-json\/wp\/v2\/product\/3708","targetHints":{"allow":["GET"]}}],"collection":[{"href":"https:\/\/testweb.previntegral.com\/es\/wp-json\/wp\/v2\/product"}],"about":[{"href":"https:\/\/testweb.previntegral.com\/es\/wp-json\/wp\/v2\/types\/product"}],"replies":[{"embeddable":true,"href":"https:\/\/testweb.previntegral.com\/es\/wp-json\/wp\/v2\/comments?post=3708"}],"wp:featuredmedia":[{"embeddable":true,"href":"https:\/\/testweb.previntegral.com\/es\/wp-json\/wp\/v2\/media\/3710"}],"wp:attachment":[{"href":"https:\/\/testweb.previntegral.com\/es\/wp-json\/wp\/v2\/media?parent=3708"}],"wp:term":[{"taxonomy":"product_brand","embeddable":true,"href":"https:\/\/testweb.previntegral.com\/es\/wp-json\/wp\/v2\/product_brand?post=3708"},{"taxonomy":"product_cat","embeddable":true,"href":"https:\/\/testweb.previntegral.com\/es\/wp-json\/wp\/v2\/product_cat?post=3708"},{"taxonomy":"product_tag","embeddable":true,"href":"https:\/\/testweb.previntegral.com\/es\/wp-json\/wp\/v2\/product_tag?post=3708"}],"curies":[{"name":"wp","href":"https:\/\/api.w.org\/{rel}","templated":true}]}}