
{"id":3711,"date":"2025-12-03T14:56:00","date_gmt":"2025-12-03T14:56:00","guid":{"rendered":"https:\/\/testweb.previntegral.com\/producto\/treballs-de-demolicio-i-rehabilitacio\/"},"modified":"2026-02-03T10:02:29","modified_gmt":"2026-02-03T10:02:29","slug":"treballs-de-demolicio-i-rehabilitacio","status":"publish","type":"product","link":"https:\/\/testweb.previntegral.com\/es\/producto\/treballs-de-demolicio-i-rehabilitacio\/","title":{"rendered":"Trabajos de demolici\u00f3n y remodelaci\u00f3n"},"content":{"rendered":"<p>Si treballes en el sector de la construcci\u00f3 o vols iniciar la teva carrera professional en aquest \u00e0mbit, el curs presencial de <strong>Trabajos de demolici\u00f3n y remodelaci\u00f3n<\/strong> \u00e9s fonamental per a tu. Amb una durada de 20 hores, aquesta formaci\u00f3 compleix amb els requisits del <strong>Convenio colectivo para el sector de la construcci\u00f3n<\/strong>, i est\u00e0 dissenyada per oferir els coneixements b\u00e0sics i espec\u00edfics en <strong>prevenci\u00f3n de riesgos laborales<\/strong> vinculats a les tasques de demolici\u00f3 i rehabilitaci\u00f3. El curs aborda tant la part comuna que comparteixen tots els oficis de la construcci\u00f3 com l\u2019especialitat particular del treball en obres d\u2019aquest tipus, garantint que els participants adquireixin les <strong>Habilidades necesarias<\/strong> per treballar de manera segura i conforme a la normativa vigent. Aquesta formaci\u00f3 presencial, impartida per un centre acreditat per la Fundaci\u00f3 Laboral de la Construcci\u00f3, permet accedir a l\u2019obra complint amb els est\u00e0ndards legals en mat\u00e8ria de seguretat i salut laboral.<\/p>","protected":false},"excerpt":{"rendered":"<p>Si treballes en el sector de la construcci\u00f3 o vols iniciar la teva carrera professional en aquest \u00e0mbit, el curs presencial de Treballs de demolici\u00f3 i rehabilitaci\u00f3 \u00e9s fonamental per a tu. Amb una durada de 20 hores, aquesta formaci\u00f3 compleix amb els requisits del Conven\u00ed Col\u00b7lectiu del Sector de la Construcci\u00f3, i est\u00e0 dissenyada [&hellip;]<\/p>\n","protected":false},"featured_media":3713,"comment_status":"open","ping_status":"closed","template":"","meta":{"_acf_changed":false},"product_brand":[],"product_cat":[38],"product_tag":[],"class_list":{"0":"post-3711","1":"product","2":"type-product","3":"status-publish","4":"has-post-thumbnail","6":"product_cat-construccio","8":"first","9":"instock","10":"virtual","11":"taxable","12":"purchasable","13":"product-type-curso"},"acf":[],"precio_regular_curso":281,"precio_bonificado_curso":296,"_links":{"self":[{"href":"https:\/\/testweb.previntegral.com\/es\/wp-json\/wp\/v2\/product\/3711","targetHints":{"allow":["GET"]}}],"collection":[{"href":"https:\/\/testweb.previntegral.com\/es\/wp-json\/wp\/v2\/product"}],"about":[{"href":"https:\/\/testweb.previntegral.com\/es\/wp-json\/wp\/v2\/types\/product"}],"replies":[{"embeddable":true,"href":"https:\/\/testweb.previntegral.com\/es\/wp-json\/wp\/v2\/comments?post=3711"}],"wp:featuredmedia":[{"embeddable":true,"href":"https:\/\/testweb.previntegral.com\/es\/wp-json\/wp\/v2\/media\/3713"}],"wp:attachment":[{"href":"https:\/\/testweb.previntegral.com\/es\/wp-json\/wp\/v2\/media?parent=3711"}],"wp:term":[{"taxonomy":"product_brand","embeddable":true,"href":"https:\/\/testweb.previntegral.com\/es\/wp-json\/wp\/v2\/product_brand?post=3711"},{"taxonomy":"product_cat","embeddable":true,"href":"https:\/\/testweb.previntegral.com\/es\/wp-json\/wp\/v2\/product_cat?post=3711"},{"taxonomy":"product_tag","embeddable":true,"href":"https:\/\/testweb.previntegral.com\/es\/wp-json\/wp\/v2\/product_tag?post=3711"}],"curies":[{"name":"wp","href":"https:\/\/api.w.org\/{rel}","templated":true}]}}