
{"id":3714,"date":"2025-12-03T14:56:25","date_gmt":"2025-12-03T14:56:25","guid":{"rendered":"https:\/\/testweb.previntegral.com\/producto\/treballs-de-fabricacio-i-muntatge-delements-prefabricats\/"},"modified":"2026-02-05T14:39:30","modified_gmt":"2026-02-05T14:39:30","slug":"treballs-de-fabricacio-i-muntatge-delements-prefabricats","status":"publish","type":"product","link":"https:\/\/testweb.previntegral.com\/es\/producto\/treballs-de-fabricacio-i-muntatge-delements-prefabricats\/","title":{"rendered":"Fabricaci\u00f3n y montaje de elementos prefabricados."},"content":{"rendered":"<p>Si formes part o vols integrar-te en el sector de la construcci\u00f3, aquest curs presencial de 20 hores \u00e9s imprescindible per adquirir la <strong>formaci\u00f3n en prevenci\u00f3n de riesgos laborales<\/strong> que exigeix el conveni col\u00b7lectiu. Dissenyat espec\u00edficament per a qui realitza tasques de <strong>fabricaci\u00f3 i muntatge d\u2019elements prefabricats<\/strong>, combina una part comuna v\u00e0lida per a tots els oficis amb una especialitzaci\u00f3 que s\u2019adapta a les teves responsabilitats concretes. Aquesta formaci\u00f3, impartida per un centre homologat per la <strong>Fundaci\u00f3n para el Trabajo en la Construcci\u00f3n<\/strong>, assegura que aprenguis els protocols i mesures de seguretat imprescindibles per treballar amb garanties, complint amb la normativa vigent i facilitant l\u2019acc\u00e9s legal a les obres. Amb aquest curs, adquirir\u00e0s les compet\u00e8ncies necess\u00e0ries per desenvolupar la teva feina de manera segura, eficient i responsable dins d\u2019un sector en constant evoluci\u00f3.<\/p>","protected":false},"excerpt":{"rendered":"<p>Si formes part o vols integrar-te en el sector de la construcci\u00f3, aquest curs presencial de 20 hores \u00e9s imprescindible per adquirir la formaci\u00f3 en prevenci\u00f3 de riscos laborals que exigeix el conveni col\u00b7lectiu. Dissenyat espec\u00edficament per a qui realitza tasques de fabricaci\u00f3 i muntatge d\u2019elements prefabricats, combina una part comuna v\u00e0lida per a tots [&hellip;]<\/p>\n","protected":false},"featured_media":3716,"comment_status":"open","ping_status":"closed","template":"","meta":{"_acf_changed":false},"product_brand":[],"product_cat":[38],"product_tag":[],"class_list":{"0":"post-3714","1":"product","2":"type-product","3":"status-publish","4":"has-post-thumbnail","6":"product_cat-construccio","8":"first","9":"instock","10":"virtual","11":"taxable","12":"purchasable","13":"product-type-curso"},"acf":[],"precio_regular_curso":281,"precio_bonificado_curso":296,"_links":{"self":[{"href":"https:\/\/testweb.previntegral.com\/es\/wp-json\/wp\/v2\/product\/3714","targetHints":{"allow":["GET"]}}],"collection":[{"href":"https:\/\/testweb.previntegral.com\/es\/wp-json\/wp\/v2\/product"}],"about":[{"href":"https:\/\/testweb.previntegral.com\/es\/wp-json\/wp\/v2\/types\/product"}],"replies":[{"embeddable":true,"href":"https:\/\/testweb.previntegral.com\/es\/wp-json\/wp\/v2\/comments?post=3714"}],"wp:featuredmedia":[{"embeddable":true,"href":"https:\/\/testweb.previntegral.com\/es\/wp-json\/wp\/v2\/media\/3716"}],"wp:attachment":[{"href":"https:\/\/testweb.previntegral.com\/es\/wp-json\/wp\/v2\/media?parent=3714"}],"wp:term":[{"taxonomy":"product_brand","embeddable":true,"href":"https:\/\/testweb.previntegral.com\/es\/wp-json\/wp\/v2\/product_brand?post=3714"},{"taxonomy":"product_cat","embeddable":true,"href":"https:\/\/testweb.previntegral.com\/es\/wp-json\/wp\/v2\/product_cat?post=3714"},{"taxonomy":"product_tag","embeddable":true,"href":"https:\/\/testweb.previntegral.com\/es\/wp-json\/wp\/v2\/product_tag?post=3714"}],"curies":[{"name":"wp","href":"https:\/\/api.w.org\/{rel}","templated":true}]}}