
{"id":3741,"date":"2025-12-03T15:00:58","date_gmt":"2025-12-03T15:00:58","guid":{"rendered":"https:\/\/testweb.previntegral.com\/producto\/especialitat-en-electricitat-muntatge-i-manteniment-dinstal%c2%b7lacions-electriques-dalta-i-baixa-tensio\/"},"modified":"2026-02-03T10:02:30","modified_gmt":"2026-02-03T10:02:30","slug":"especialidad-en-electricidad-montaje-y-mantenimiento-de-instalaciones-electricas-de-alta-y-baja-tension","status":"publish","type":"product","link":"https:\/\/testweb.previntegral.com\/es\/producto\/especialitat-en-electricitat-muntatge-i-manteniment-dinstal%c2%b7lacions-electriques-dalta-i-baixa-tensio\/","title":{"rendered":"Especializados en la instalaci\u00f3n y mantenimiento de sistemas el\u00e9ctricos de alta y baja tensi\u00f3n."},"content":{"rendered":"<p>Este curso presencial de 6 horas en <strong>Electricidad, montaje y mantenimiento de instalaciones el\u00e9ctricas de alta y baja tensi\u00f3n<\/strong> est\u00e1 dise\u00f1ado especialmente para trabajadores del sector de la construcci\u00f3n que deben cumplir con las obligaciones formativas establecidas en el <strong>Convenio colectivo para el sector de la construcci\u00f3n<\/strong>. A trav\u00e9s de una formaci\u00f3n pr\u00e1ctica y te\u00f3rica, los alumnos aprender\u00e1n a realizar con <strong>Seguridad y eficiencia<\/strong> las tareas relacionadas con el montaje, la revisi\u00f3n y el mantenimiento de instalaciones el\u00e9ctricas, adaptadas a las exigencias tanto de la alta como de la baja tensi\u00f3n. Esta especializaci\u00f3n, impartida por un centro homologado por la <strong>Fundaci\u00f3n para el Trabajo en la Construcci\u00f3n<\/strong>, garantiza la validez y calidad de la formaci\u00f3n, favoreciendo la profesionalizaci\u00f3n y la actualizaci\u00f3n de los trabajadores dentro de su oficio. La modalidad exclusiva <strong>En persona<\/strong> permite una experiencia formativa directa y adaptada a la realidad del sector.<\/p>","protected":false},"excerpt":{"rendered":"<p>Aquest curs presencial de 6 hores en Electricitat muntatge i manteniment d\u2019instal\u00b7lacions el\u00e8ctriques d\u2019alta i baixa tensi\u00f3 est\u00e0 dissenyat especialment per a treballadors del sector de la construcci\u00f3 que han de complir amb les obligacions formatives establertes en el Conveni Col\u00b7lectiu del Sector de la Construcci\u00f3. A trav\u00e9s d\u2019una formaci\u00f3 pr\u00e0ctica i te\u00f2rica, els alumnes [&hellip;]<\/p>\n","protected":false},"featured_media":3743,"comment_status":"open","ping_status":"closed","template":"","meta":{"_acf_changed":false},"product_brand":[],"product_cat":[38],"product_tag":[],"class_list":{"0":"post-3741","1":"product","2":"type-product","3":"status-publish","4":"has-post-thumbnail","6":"product_cat-construccio","8":"first","9":"instock","10":"virtual","11":"taxable","12":"purchasable","13":"product-type-curso"},"acf":[],"precio_regular_curso":124,"precio_bonificado_curso":130,"_links":{"self":[{"href":"https:\/\/testweb.previntegral.com\/es\/wp-json\/wp\/v2\/product\/3741","targetHints":{"allow":["GET"]}}],"collection":[{"href":"https:\/\/testweb.previntegral.com\/es\/wp-json\/wp\/v2\/product"}],"about":[{"href":"https:\/\/testweb.previntegral.com\/es\/wp-json\/wp\/v2\/types\/product"}],"replies":[{"embeddable":true,"href":"https:\/\/testweb.previntegral.com\/es\/wp-json\/wp\/v2\/comments?post=3741"}],"wp:featuredmedia":[{"embeddable":true,"href":"https:\/\/testweb.previntegral.com\/es\/wp-json\/wp\/v2\/media\/3743"}],"wp:attachment":[{"href":"https:\/\/testweb.previntegral.com\/es\/wp-json\/wp\/v2\/media?parent=3741"}],"wp:term":[{"taxonomy":"product_brand","embeddable":true,"href":"https:\/\/testweb.previntegral.com\/es\/wp-json\/wp\/v2\/product_brand?post=3741"},{"taxonomy":"product_cat","embeddable":true,"href":"https:\/\/testweb.previntegral.com\/es\/wp-json\/wp\/v2\/product_cat?post=3741"},{"taxonomy":"product_tag","embeddable":true,"href":"https:\/\/testweb.previntegral.com\/es\/wp-json\/wp\/v2\/product_tag?post=3741"}],"curies":[{"name":"wp","href":"https:\/\/api.w.org\/{rel}","templated":true}]}}