
{"id":4719,"date":"2025-12-05T10:33:56","date_gmt":"2025-12-05T10:33:56","guid":{"rendered":"https:\/\/testweb.previntegral.com\/producto\/c-1-cnae-24-treballs-de-fabricacio-produccio-i-transformacio-del-ferro-lacer-i-dels-metalls-no-ferris-i-primera-transformacio-fabricacio-de-lacer-fosa-de-metalls-fabricacio-de-motlles-f\/"},"modified":"2026-02-03T10:10:29","modified_gmt":"2026-02-03T10:10:29","slug":"c-1-cnae-24-treballs-de-fabricacio-produccio-i-transformacio-del-ferro-lacer-i-dels-metalls-no-ferris-i-primera-transformacio-fabricacio-de-lacer-fosa-de-metalls-fabricacio-de-motlles-f","status":"publish","type":"product","link":"https:\/\/testweb.previntegral.com\/es\/producto\/c-1-cnae-24-treballs-de-fabricacio-produccio-i-transformacio-del-ferro-lacer-i-dels-metalls-no-ferris-i-primera-transformacio-fabricacio-de-lacer-fosa-de-metalls-fabricacio-de-motlles-f\/","title":{"rendered":"C.1 \u2013 CNAE 24 \u2013 Fabricaci\u00f3n, producci\u00f3n y transformaci\u00f3n de hierro, acero y metales no ferrosos, y transformaci\u00f3n primaria (fabricaci\u00f3n de acero, fundici\u00f3n de metales, fabricaci\u00f3n de moldes, fabricaci\u00f3n de tubos y actividades similares)"},"content":{"rendered":"<p>La formaci\u00f3 <strong>En persona<\/strong> de 20 hores est\u00e0 orientada a tots els treballadors de producci\u00f3 i manteniment dins del sector del metall, on la seguretat \u00e9s primordial. Aquest curs ofereix una base s\u00f2lida en la <strong>prevenci\u00f3n de riesgos laborales<\/strong>, centrant-se en els perills espec\u00edfics associats a la fabricaci\u00f3, producci\u00f3 i transformaci\u00f3 del ferro, l&#8217;acer i altres metalls no ferris. L\u2019objectiu \u00e9s proporcionar als participants les <strong>compet\u00e8ncies i coneixements pr\u00e0ctics<\/strong> per identificar i gestionar de manera efectiva els riscos del seu entorn laboral. A m\u00e9s, es promou la integraci\u00f3 de la <strong>prevenci\u00f3 com a h\u00e0bit quotidi\u00e0<\/strong>, garantint la m\u00e0xima seguretat tant per al treballador com per als seus companys. Aquesta formaci\u00f3 complerta amb les exig\u00e8ncies establertes pel <strong>Convenio colectivo del metal<\/strong> i \u00e9s obligat\u00f2ria per assegurar una protecci\u00f3 adequada de la salut laboral, complementant altres cursos espec\u00edfics del sector.<\/p>","protected":false},"excerpt":{"rendered":"<p>La formaci\u00f3 presencial de 20 hores est\u00e0 orientada a tots els treballadors de producci\u00f3 i manteniment dins del sector del metall, on la seguretat \u00e9s primordial. Aquest curs ofereix una base s\u00f2lida en la prevenci\u00f3 de riscos laborals, centrant-se en els perills espec\u00edfics associats a la fabricaci\u00f3, producci\u00f3 i transformaci\u00f3 del ferro, l&#8217;acer i altres [&hellip;]<\/p>\n","protected":false},"featured_media":4721,"comment_status":"open","ping_status":"closed","template":"","meta":{"_acf_changed":false},"product_brand":[],"product_cat":[41],"product_tag":[],"class_list":{"0":"post-4719","1":"product","2":"type-product","3":"status-publish","4":"has-post-thumbnail","6":"product_cat-metall","8":"first","9":"instock","10":"virtual","11":"taxable","12":"purchasable","13":"product-type-curso"},"acf":[],"precio_regular_curso":281,"precio_bonificado_curso":296,"_links":{"self":[{"href":"https:\/\/testweb.previntegral.com\/es\/wp-json\/wp\/v2\/product\/4719","targetHints":{"allow":["GET"]}}],"collection":[{"href":"https:\/\/testweb.previntegral.com\/es\/wp-json\/wp\/v2\/product"}],"about":[{"href":"https:\/\/testweb.previntegral.com\/es\/wp-json\/wp\/v2\/types\/product"}],"replies":[{"embeddable":true,"href":"https:\/\/testweb.previntegral.com\/es\/wp-json\/wp\/v2\/comments?post=4719"}],"wp:featuredmedia":[{"embeddable":true,"href":"https:\/\/testweb.previntegral.com\/es\/wp-json\/wp\/v2\/media\/4721"}],"wp:attachment":[{"href":"https:\/\/testweb.previntegral.com\/es\/wp-json\/wp\/v2\/media?parent=4719"}],"wp:term":[{"taxonomy":"product_brand","embeddable":true,"href":"https:\/\/testweb.previntegral.com\/es\/wp-json\/wp\/v2\/product_brand?post=4719"},{"taxonomy":"product_cat","embeddable":true,"href":"https:\/\/testweb.previntegral.com\/es\/wp-json\/wp\/v2\/product_cat?post=4719"},{"taxonomy":"product_tag","embeddable":true,"href":"https:\/\/testweb.previntegral.com\/es\/wp-json\/wp\/v2\/product_tag?post=4719"}],"curies":[{"name":"wp","href":"https:\/\/api.w.org\/{rel}","templated":true}]}}