
{"id":4836,"date":"2025-12-05T11:51:22","date_gmt":"2025-12-05T11:51:22","guid":{"rendered":"https:\/\/testweb.previntegral.com\/producto\/c-10-treballs-de-fusteria-metal%c2%b7lica\/"},"modified":"2026-02-03T10:10:29","modified_gmt":"2026-02-03T10:10:29","slug":"c-10-treballs-de-fusteria-metal%c2%b7lica","status":"publish","type":"product","link":"https:\/\/testweb.previntegral.com\/es\/producto\/c-10-treballs-de-fusteria-metal%c2%b7lica\/","title":{"rendered":"C.10 \u2013 Trabajos de carpinter\u00eda met\u00e1lica"},"content":{"rendered":"<p>El curs C.10 \u2013 Treballs de <strong>fusteria met\u00e0l\u00b7lica<\/strong> ofereix la formaci\u00f3 obligat\u00f2ria en <strong>prevenci\u00f3n de riesgos laborales<\/strong> del Conveni del Metall per a personal de producci\u00f3 i manteniment. Amb una durada de <strong>20 horas<\/strong> y modo <strong>100% en persona<\/strong>, combina continguts troncals i espec\u00edfics de l\u2019ofici. Identificar\u00e0s i controlar\u00e0s riscos en operacions de tall, conformaci\u00f3 i muntatge de tancaments i estructures met\u00e0l\u00b7liques, \u00fas de maquin\u00e0ria (cisalla, serra de cinta, trepant, esmoladora, plegadora) i treballs de soldadura. Abordem talls i atrapaments, projeccions, soroll i vibracions, <strong>fums i radiacions de soldadura<\/strong>, electricitat i treballs en al\u00e7ada, aix\u00ed como l\u2019elecci\u00f3 i \u00fas d\u2019<strong>\u00cdndice de protecci\u00f3n equivalente<\/strong> i mesures col\u00b7lectives (extractors, proteccions, ordre i neteja). Es practiquen procediments de <strong>Bloqueo y etiquetado (LOTO)<\/strong>, manipulaci\u00f3 de c\u00e0rregues, senyalitzaci\u00f3 i coordinaci\u00f3 d\u2019activitats empresarials, amb casos reals orientats a la tasca di\u00e0ria. Inclou recordatori del <strong>Reciclaje cada 4 a\u00f1os<\/strong> previst al conveni. Impartit per Previntegral, centre homologat (FLC 0505080031).<\/p>","protected":false},"excerpt":{"rendered":"<p>El curs C.10 \u2013 Treballs de fusteria met\u00e0l\u00b7lica ofereix la formaci\u00f3 obligat\u00f2ria en prevenci\u00f3 de riscos laborals del Conveni del Metall per a personal de producci\u00f3 i manteniment. Amb una durada de 20 hores i modalitat 100% presencial, combina continguts troncals i espec\u00edfics de l\u2019ofici. Identificar\u00e0s i controlar\u00e0s riscos en operacions de tall, conformaci\u00f3 i [&hellip;]<\/p>\n","protected":false},"featured_media":4838,"comment_status":"open","ping_status":"closed","template":"","meta":{"_acf_changed":false},"product_brand":[],"product_cat":[41],"product_tag":[],"class_list":{"0":"post-4836","1":"product","2":"type-product","3":"status-publish","4":"has-post-thumbnail","6":"product_cat-metall","8":"first","9":"instock","10":"virtual","11":"taxable","12":"purchasable","13":"product-type-curso"},"acf":[],"precio_regular_curso":281,"precio_bonificado_curso":296,"_links":{"self":[{"href":"https:\/\/testweb.previntegral.com\/es\/wp-json\/wp\/v2\/product\/4836","targetHints":{"allow":["GET"]}}],"collection":[{"href":"https:\/\/testweb.previntegral.com\/es\/wp-json\/wp\/v2\/product"}],"about":[{"href":"https:\/\/testweb.previntegral.com\/es\/wp-json\/wp\/v2\/types\/product"}],"replies":[{"embeddable":true,"href":"https:\/\/testweb.previntegral.com\/es\/wp-json\/wp\/v2\/comments?post=4836"}],"wp:featuredmedia":[{"embeddable":true,"href":"https:\/\/testweb.previntegral.com\/es\/wp-json\/wp\/v2\/media\/4838"}],"wp:attachment":[{"href":"https:\/\/testweb.previntegral.com\/es\/wp-json\/wp\/v2\/media?parent=4836"}],"wp:term":[{"taxonomy":"product_brand","embeddable":true,"href":"https:\/\/testweb.previntegral.com\/es\/wp-json\/wp\/v2\/product_brand?post=4836"},{"taxonomy":"product_cat","embeddable":true,"href":"https:\/\/testweb.previntegral.com\/es\/wp-json\/wp\/v2\/product_cat?post=4836"},{"taxonomy":"product_tag","embeddable":true,"href":"https:\/\/testweb.previntegral.com\/es\/wp-json\/wp\/v2\/product_tag?post=4836"}],"curies":[{"name":"wp","href":"https:\/\/api.w.org\/{rel}","templated":true}]}}