
{"id":4842,"date":"2025-12-05T11:52:33","date_gmt":"2025-12-05T11:52:33","guid":{"rendered":"https:\/\/testweb.previntegral.com\/producto\/c-14-treballs-dinstal%c2%b7lacio-manteniment-i-reparacio-dequips-informatics-automatismes-i-programacio-ordinadors-i-periferics-o-dispositius-auxiliars-equips-i-tecnologies-de-telecomunicaci\/"},"modified":"2026-02-03T10:10:29","modified_gmt":"2026-02-03T10:10:29","slug":"c-14-treballs-dinstal%c2%b7lacio-manteniment-i-reparacio-dequips-informatics-automatismes-i-programacio-ordinadors-i-periferics-o-dispositius-auxiliars-equips-i-tecnologies-de-telecomunicaci","status":"publish","type":"product","link":"https:\/\/testweb.previntegral.com\/es\/producto\/c-14-treballs-dinstal%c2%b7lacio-manteniment-i-reparacio-dequips-informatics-automatismes-i-programacio-ordinadors-i-periferics-o-dispositius-auxiliars-equips-i-tecnologies-de-telecomunicaci\/","title":{"rendered":"C.14 \u2013 Instalaci\u00f3n, mantenimiento y reparaci\u00f3n de equipos inform\u00e1ticos, automatizaci\u00f3n y programaci\u00f3n, ordenadores y perif\u00e9ricos o dispositivos auxiliares; equipos y tecnolog\u00edas de telecomunicaciones e informaci\u00f3n; redes de informaci\u00f3n y datos (TIC)"},"content":{"rendered":"<p>El curs C.14 ofereix la formaci\u00f3 preventiva espec\u00edfica per a <strong>treballs d\u2019instal\u00b7laci\u00f3, manteniment i reparaci\u00f3<\/strong> d\u2019equips inform\u00e0tics, <strong>automatismes i programaci\u00f3<\/strong>, ordinadors i perif\u00e8rics, aix\u00ed com equips i tecnologies de telecomunicacions i <strong>xarxes TIC<\/strong>, d\u2019acord amb el <strong>Acuerdo sobre metales<\/strong>. Con una duraci\u00f3n de <strong>20 horas<\/strong> y en <strong>Modo presencial<\/strong>, combina un bloc troncal de PRL amb un bloc espec\u00edfic de riscos del lloc: electricitat i <strong>ESD<\/strong>, treballs en racks i sales t\u00e8cniques, cablejat i canalitzacions, \u00fas segur d\u2019eines, procediments de <strong>Bloqueo y etiquetado (LOTO)<\/strong>, caigudes a mateix i diferent nivell, ergonomia i PVD, manipulaci\u00f3 de c\u00e0rregues, agents qu\u00edmics de neteja, incendis i emerg\u00e8ncies, <strong>\u00cdndice de protecci\u00f3n equivalente<\/strong> i coordinaci\u00f3 d\u2019activitats empresarials. La metodologia \u00e9s pr\u00e0ctica, basada en casos reals, per integrar la <strong>prevenci\u00f3n de riesgos laborales<\/strong> en l\u2019organitzaci\u00f3 i en la tasca di\u00e0ria d\u2019operaris, instal\u00b7ladors i mantenidors. Curs alineat amb l\u2019obligatorietat de reciclatge de 4 hores cada 4 anys. Previntegral \u00e9s centre homologat per la FLC (n\u00fam. 0505080031), garantint qualitat i tra\u00e7abilitat de la formaci\u00f3.<\/p>","protected":false},"excerpt":{"rendered":"<p>El curs C.14 ofereix la formaci\u00f3 preventiva espec\u00edfica per a treballs d\u2019instal\u00b7laci\u00f3, manteniment i reparaci\u00f3 d\u2019equips inform\u00e0tics, automatismes i programaci\u00f3, ordinadors i perif\u00e8rics, aix\u00ed com equips i tecnologies de telecomunicacions i xarxes TIC, d\u2019acord amb el Conveni del Metall. Amb una durada de 20 hores i en modalitat presencial, combina un bloc troncal de PRL [&hellip;]<\/p>\n","protected":false},"featured_media":4844,"comment_status":"open","ping_status":"closed","template":"","meta":{"_acf_changed":false},"product_brand":[],"product_cat":[41],"product_tag":[],"class_list":{"0":"post-4842","1":"product","2":"type-product","3":"status-publish","4":"has-post-thumbnail","6":"product_cat-metall","8":"first","9":"instock","10":"virtual","11":"taxable","12":"purchasable","13":"product-type-curso"},"acf":[],"precio_regular_curso":281,"precio_bonificado_curso":296,"_links":{"self":[{"href":"https:\/\/testweb.previntegral.com\/es\/wp-json\/wp\/v2\/product\/4842","targetHints":{"allow":["GET"]}}],"collection":[{"href":"https:\/\/testweb.previntegral.com\/es\/wp-json\/wp\/v2\/product"}],"about":[{"href":"https:\/\/testweb.previntegral.com\/es\/wp-json\/wp\/v2\/types\/product"}],"replies":[{"embeddable":true,"href":"https:\/\/testweb.previntegral.com\/es\/wp-json\/wp\/v2\/comments?post=4842"}],"wp:featuredmedia":[{"embeddable":true,"href":"https:\/\/testweb.previntegral.com\/es\/wp-json\/wp\/v2\/media\/4844"}],"wp:attachment":[{"href":"https:\/\/testweb.previntegral.com\/es\/wp-json\/wp\/v2\/media?parent=4842"}],"wp:term":[{"taxonomy":"product_brand","embeddable":true,"href":"https:\/\/testweb.previntegral.com\/es\/wp-json\/wp\/v2\/product_brand?post=4842"},{"taxonomy":"product_cat","embeddable":true,"href":"https:\/\/testweb.previntegral.com\/es\/wp-json\/wp\/v2\/product_cat?post=4842"},{"taxonomy":"product_tag","embeddable":true,"href":"https:\/\/testweb.previntegral.com\/es\/wp-json\/wp\/v2\/product_tag?post=4842"}],"curies":[{"name":"wp","href":"https:\/\/api.w.org\/{rel}","templated":true}]}}