
{"id":4860,"date":"2025-12-05T11:56:37","date_gmt":"2025-12-05T11:56:37","guid":{"rendered":"https:\/\/testweb.previntegral.com\/producto\/c-23-treballs-daltres-tipus-dinstal%c2%b7lacions-com-ara-solars-fotovoltaiques-o-eoliques\/"},"modified":"2026-02-03T10:10:29","modified_gmt":"2026-02-03T10:10:29","slug":"c-23-treballs-daltres-tipus-dinstal%c2%b7lacions-com-ara-solars-fotovoltaiques-o-eoliques","status":"publish","type":"product","link":"https:\/\/testweb.previntegral.com\/es\/producto\/c-23-treballs-daltres-tipus-dinstal%c2%b7lacions-com-ara-solars-fotovoltaiques-o-eoliques\/","title":{"rendered":"C.23 \u2013 Trabajos en otros tipos de instalaciones, como parques fotovoltaicos o e\u00f3licos."},"content":{"rendered":"<p>Este curso de <strong>20 horas<\/strong>, <strong>100% en persona<\/strong>, dona resposta a l\u2019obligaci\u00f3 del Conveni del Metall per al personal de producci\u00f3 i manteniment que realitza <b>instal\u00b7lacions solars fotovoltaiques i e\u00f2liques<\/b>. Combina un bloc <b>principal<\/b> de <strong>prevenci\u00f3n de riesgos laborales<\/strong> (marc legal, drets i obligacions, avaluaci\u00f3 de riscos, ordre i neteja, senyalitzaci\u00f3) amb un bloc <b>espec\u00edfic<\/b> orientat als riscos propis d\u2019aquestes tasques: <strong>Trabajar en altura<\/strong>, <b>riscos el\u00e8ctrics AC\/DC<\/b>, muntatge d\u2019estructures, meteorologia adversa, manipulaci\u00f3 de c\u00e0rregues, \u00fas d\u2019<b>\u00cdndice de protecci\u00f3n equivalente<\/b> i <b>l\u00ednies de vida<\/b>, <strong>Bloqueo\/Etiquetado<\/strong> (bloqueig i etiquetatge), incendis, emerg\u00e8ncies i primers auxilis. La metodologia \u00e9s pr\u00e0ctica i basada en casos reals, amb demostracions de procediments de treball segur i pautes de coordinaci\u00f3 d\u2019activitats empresarials. En finalitzar, l\u2019alumne ser\u00e0 capa\u00e7 d\u2019identificar perills, implantar <b>medidas preventivas<\/b> i aplicar procediments d\u2019actuaci\u00f3 segura en instal\u00b7lacions fotovoltaiques i e\u00f2liques. La certificaci\u00f3 obtinguda t\u00e9 una <b>vig\u00e8ncia de 4 anys<\/b> i requereix <strong>reciclatge de 4 hores<\/strong> per a la seva renovaci\u00f3.<\/p>","protected":false},"excerpt":{"rendered":"<p>Aquest curs de 20 hores, 100% presencial, dona resposta a l\u2019obligaci\u00f3 del Conveni del Metall per al personal de producci\u00f3 i manteniment que realitza instal\u00b7lacions solars fotovoltaiques i e\u00f2liques. Combina un bloc troncal de prevenci\u00f3 de riscos laborals (marc legal, drets i obligacions, avaluaci\u00f3 de riscos, ordre i neteja, senyalitzaci\u00f3) amb un bloc espec\u00edfic orientat [&hellip;]<\/p>\n","protected":false},"featured_media":4862,"comment_status":"open","ping_status":"closed","template":"","meta":{"_acf_changed":false},"product_brand":[],"product_cat":[41],"product_tag":[],"class_list":{"0":"post-4860","1":"product","2":"type-product","3":"status-publish","4":"has-post-thumbnail","6":"product_cat-metall","8":"first","9":"instock","10":"virtual","11":"taxable","12":"purchasable","13":"product-type-curso"},"acf":[],"precio_regular_curso":281,"precio_bonificado_curso":296,"_links":{"self":[{"href":"https:\/\/testweb.previntegral.com\/es\/wp-json\/wp\/v2\/product\/4860","targetHints":{"allow":["GET"]}}],"collection":[{"href":"https:\/\/testweb.previntegral.com\/es\/wp-json\/wp\/v2\/product"}],"about":[{"href":"https:\/\/testweb.previntegral.com\/es\/wp-json\/wp\/v2\/types\/product"}],"replies":[{"embeddable":true,"href":"https:\/\/testweb.previntegral.com\/es\/wp-json\/wp\/v2\/comments?post=4860"}],"wp:featuredmedia":[{"embeddable":true,"href":"https:\/\/testweb.previntegral.com\/es\/wp-json\/wp\/v2\/media\/4862"}],"wp:attachment":[{"href":"https:\/\/testweb.previntegral.com\/es\/wp-json\/wp\/v2\/media?parent=4860"}],"wp:term":[{"taxonomy":"product_brand","embeddable":true,"href":"https:\/\/testweb.previntegral.com\/es\/wp-json\/wp\/v2\/product_brand?post=4860"},{"taxonomy":"product_cat","embeddable":true,"href":"https:\/\/testweb.previntegral.com\/es\/wp-json\/wp\/v2\/product_cat?post=4860"},{"taxonomy":"product_tag","embeddable":true,"href":"https:\/\/testweb.previntegral.com\/es\/wp-json\/wp\/v2\/product_tag?post=4860"}],"curies":[{"name":"wp","href":"https:\/\/api.w.org\/{rel}","templated":true}]}}