
{"id":4869,"date":"2025-12-05T11:57:22","date_gmt":"2025-12-05T11:57:22","guid":{"rendered":"https:\/\/testweb.previntegral.com\/producto\/c-20-treballs-de-construccio-i-manteniment-de-vies-ferries\/"},"modified":"2026-02-03T10:10:29","modified_gmt":"2026-02-03T10:10:29","slug":"c-20-obras-sobre-la-construccion-y-el-mantenimiento-de-lineas-ferroviarias","status":"publish","type":"product","link":"https:\/\/testweb.previntegral.com\/es\/producto\/c-20-treballs-de-construccio-i-manteniment-de-vies-ferries\/","title":{"rendered":"C.20 \u2013 Construcci\u00f3n y mantenimiento de v\u00edas f\u00e9rreas"},"content":{"rendered":"<p>El curso C.20 \u2013 Construcci\u00f3n y mantenimiento de v\u00edas f\u00e9rreas ofrece formaci\u00f3n en <strong>prevenci\u00f3n de riesgos laborales<\/strong> requerido por <strong>Acuerdo sobre metales<\/strong> para el personal de producci\u00f3n y mantenimiento que trabaja en entornos ferroviarios. Tiene una duraci\u00f3n de <strong>20 horas presenciales<\/strong> (no disponible en l\u00ednea) y est\u00e1 estructurado en un <strong>bloque del maletero<\/strong> con conceptos generales de OHS (derechos y obligaciones, coordinaci\u00f3n de actividades, procedimientos de emergencia) y un <strong>Bloque espec\u00edfico<\/strong> Operaciones en v\u00eda: trabajos cerca de l\u00edneas electrificadas y l\u00edneas a\u00e9reas, movimientos de trenes y maquinaria de construcci\u00f3n., <strong>Trabajar en altura<\/strong>, corte y soldadura, vibraciones, ruido y manipulaci\u00f3n de cargas. Los protocolos de <strong>Se\u00f1alizaci\u00f3n y protecci\u00f3n de la ruta<\/strong>, permisos de trabajo y el uso de\u2019<strong>\u00cdndice de protecci\u00f3n equivalente<\/strong> y medidas de seguridad colectivas para garantizar intervenciones seguras. Previntegral es un centro acreditado por la <strong>Comisionado Federal de Tierras<\/strong> (n.\u00ba 0505080031) y el programa se ajusta al requisito de alcanzar el 100% de\u2019<strong>Especialidades artesanales<\/strong> En vigor desde 2021. Formaci\u00f3n con <strong>reciclaje<\/strong> Obligatorio cada 4 a\u00f1os (4 horas).<\/p>","protected":false},"excerpt":{"rendered":"<p>El curs C.20 \u2013 Treballs de construcci\u00f3 i manteniment de vies f\u00e8rries proporciona la formaci\u00f3 en prevenci\u00f3 de riscos laborals exigida pel Conveni del Metall per a personal de producci\u00f3 i manteniment que interv\u00e9 en entorns ferroviaris. T\u00e9 una durada de 20 hores en modalitat presencial (no disponible en l\u00ednia) i s\u2019estructura en un bloc [&hellip;]<\/p>\n","protected":false},"featured_media":4871,"comment_status":"open","ping_status":"closed","template":"","meta":{"_acf_changed":false},"product_brand":[],"product_cat":[41],"product_tag":[],"class_list":{"0":"post-4869","1":"product","2":"type-product","3":"status-publish","4":"has-post-thumbnail","6":"product_cat-metall","8":"first","9":"instock","10":"virtual","11":"taxable","12":"purchasable","13":"product-type-curso"},"acf":[],"precio_regular_curso":281,"precio_bonificado_curso":296,"_links":{"self":[{"href":"https:\/\/testweb.previntegral.com\/es\/wp-json\/wp\/v2\/product\/4869","targetHints":{"allow":["GET"]}}],"collection":[{"href":"https:\/\/testweb.previntegral.com\/es\/wp-json\/wp\/v2\/product"}],"about":[{"href":"https:\/\/testweb.previntegral.com\/es\/wp-json\/wp\/v2\/types\/product"}],"replies":[{"embeddable":true,"href":"https:\/\/testweb.previntegral.com\/es\/wp-json\/wp\/v2\/comments?post=4869"}],"wp:featuredmedia":[{"embeddable":true,"href":"https:\/\/testweb.previntegral.com\/es\/wp-json\/wp\/v2\/media\/4871"}],"wp:attachment":[{"href":"https:\/\/testweb.previntegral.com\/es\/wp-json\/wp\/v2\/media?parent=4869"}],"wp:term":[{"taxonomy":"product_brand","embeddable":true,"href":"https:\/\/testweb.previntegral.com\/es\/wp-json\/wp\/v2\/product_brand?post=4869"},{"taxonomy":"product_cat","embeddable":true,"href":"https:\/\/testweb.previntegral.com\/es\/wp-json\/wp\/v2\/product_cat?post=4869"},{"taxonomy":"product_tag","embeddable":true,"href":"https:\/\/testweb.previntegral.com\/es\/wp-json\/wp\/v2\/product_tag?post=4869"}],"curies":[{"name":"wp","href":"https:\/\/api.w.org\/{rel}","templated":true}]}}