
{"id":5503,"date":"2025-12-09T16:46:47","date_gmt":"2025-12-09T16:46:47","guid":{"rendered":"https:\/\/testweb.previntegral.com\/producto\/instal%c2%b7lacions-reparacions-muntatges-estructures-metal%c2%b7liques-serralleria-i-fusteria-metal%c2%b7lica\/"},"modified":"2026-02-11T15:44:35","modified_gmt":"2026-02-11T15:44:35","slug":"instal%c2%b7lacions-reparacions-muntatges-estructures-metal%c2%b7liques-serralleria-i-fusteria-metal%c2%b7lica","status":"publish","type":"product","link":"https:\/\/testweb.previntegral.com\/es\/producto\/instal%c2%b7lacions-reparacions-muntatges-estructures-metal%c2%b7liques-serralleria-i-fusteria-metal%c2%b7lica\/","title":{"rendered":"Instalaciones, reparaciones, montajes, estructuras met\u00e1licas, ferreter\u00eda y carpinter\u00eda met\u00e1lica."},"content":{"rendered":"<p>Aquest curs proporciona la formaci\u00f3 espec\u00edfica exigida pel <strong>Convenio Colectivo del Sector Metal\u00fargico<\/strong> per treballar en obres de construcci\u00f3. Orientat a tasques d\u2019instal\u00b7lacions, reparacions, muntatges, estructures met\u00e0l\u00b7liques, serralleria i fusteria met\u00e0l\u00b7lica, combina coneixements de <strong>prevenci\u00f3n de riesgos<\/strong> i procediments operatius segurs. T\u00e9 una durada de <strong>8 de la tarde<\/strong>, en modalitat <strong>En persona<\/strong>, i \u00e9s impartit per <strong>Previntegral<\/strong>, centre homologat per la <strong>Comisionado Federal de Tierras<\/strong> (n\u00fam. 0505080031). L\u2019itinerari s\u2019estructura en una <strong>parte del tronco<\/strong> de 14 hores (riscos i mesures preventives, equips de treball i EPIs, caigudes, emerg\u00e8ncies, senyalitzaci\u00f3 i coordinaci\u00f3 d\u2019activitats) i una <strong>especialidad<\/strong> de 6 hores orientada a tall i soldadura, muntatge i ancoratge de perfils, manipulaci\u00f3 de materials i bones pr\u00e0ctiques de serralleria i fusteria met\u00e0l\u00b7lica. Adre\u00e7at a tot el personal del metall que accedeix al \u201ccentre de treball obra de construcci\u00f3\u201d. El conveni estableix reciclatge de 4 hores cada 4 anys. Si l\u2019activitat ho requereix, es complementa amb formacions espec\u00edfiques (p. ex., <strong>Plan m\u00e9dico de emergencia p\u00fablica<\/strong> o retirada de\u2019<strong>amianto<\/strong>).<\/p>","protected":false},"excerpt":{"rendered":"<p>Aquest curs proporciona la formaci\u00f3 espec\u00edfica exigida pel Conveni Col\u00b7lectiu del Sector del Metall per treballar en obres de construcci\u00f3. Orientat a tasques d\u2019instal\u00b7lacions, reparacions, muntatges, estructures met\u00e0l\u00b7liques, serralleria i fusteria met\u00e0l\u00b7lica, combina coneixements de prevenci\u00f3 de riscos i procediments operatius segurs. T\u00e9 una durada de 20 h, en modalitat presencial, i \u00e9s impartit per [&hellip;]<\/p>\n","protected":false},"featured_media":5505,"comment_status":"open","ping_status":"closed","template":"","meta":{"_acf_changed":false},"product_brand":[],"product_cat":[52],"product_tag":[],"class_list":{"0":"post-5503","1":"product","2":"type-product","3":"status-publish","4":"has-post-thumbnail","6":"product_cat-metall-obra","8":"first","9":"instock","10":"virtual","11":"taxable","12":"purchasable","13":"product-type-curso"},"acf":[],"precio_regular_curso":100,"precio_bonificado_curso":120,"_links":{"self":[{"href":"https:\/\/testweb.previntegral.com\/es\/wp-json\/wp\/v2\/product\/5503","targetHints":{"allow":["GET"]}}],"collection":[{"href":"https:\/\/testweb.previntegral.com\/es\/wp-json\/wp\/v2\/product"}],"about":[{"href":"https:\/\/testweb.previntegral.com\/es\/wp-json\/wp\/v2\/types\/product"}],"replies":[{"embeddable":true,"href":"https:\/\/testweb.previntegral.com\/es\/wp-json\/wp\/v2\/comments?post=5503"}],"wp:featuredmedia":[{"embeddable":true,"href":"https:\/\/testweb.previntegral.com\/es\/wp-json\/wp\/v2\/media\/5505"}],"wp:attachment":[{"href":"https:\/\/testweb.previntegral.com\/es\/wp-json\/wp\/v2\/media?parent=5503"}],"wp:term":[{"taxonomy":"product_brand","embeddable":true,"href":"https:\/\/testweb.previntegral.com\/es\/wp-json\/wp\/v2\/product_brand?post=5503"},{"taxonomy":"product_cat","embeddable":true,"href":"https:\/\/testweb.previntegral.com\/es\/wp-json\/wp\/v2\/product_cat?post=5503"},{"taxonomy":"product_tag","embeddable":true,"href":"https:\/\/testweb.previntegral.com\/es\/wp-json\/wp\/v2\/product_tag?post=5503"}],"curies":[{"name":"wp","href":"https:\/\/api.w.org\/{rel}","templated":true}]}}