
{"id":5513,"date":"2025-12-09T16:48:21","date_gmt":"2025-12-09T16:48:21","guid":{"rendered":"https:\/\/testweb.previntegral.com\/producto\/fontaneria-i-dinstal%c2%b7lacions-de-climatitzacio\/"},"modified":"2026-02-11T15:44:35","modified_gmt":"2026-02-11T15:44:35","slug":"fontaneria-i-dinstal%c2%b7lacions-de-climatitzacio","status":"publish","type":"product","link":"https:\/\/testweb.previntegral.com\/es\/producto\/fontaneria-i-dinstal%c2%b7lacions-de-climatitzacio\/","title":{"rendered":"Instalaciones de fontaner\u00eda y climatizaci\u00f3n"},"content":{"rendered":"<p>El curso de <strong>Fontaneria i d\u2019instal\u00b7lacions de climatitzaci\u00f3<\/strong> prepara el personal del metall que treballa en <strong>trabajos de construcci\u00f3n<\/strong> per complir el que exigeix el <strong>Acuerdo sobre metales<\/strong> i accedir al centre de treball amb seguretat. T\u00e9 una durada de <strong>20 horas<\/strong>, en modalitat <strong>En persona<\/strong> (no disponible online), i l\u2019imparteix Previntegral, centre homologat per la <strong>Comisionado Federal de Tierras<\/strong> n\u00fam. 0505080031. La formaci\u00f3 s\u2019estructura en una <strong>Parte central (14 h)<\/strong> comuna a tots els oficis (seguretat i salut a l\u2019obra, organitzaci\u00f3, equips de treball, caigudes, senyalitzaci\u00f3, emerg\u00e8ncies i EPIs) i una <strong>Especializaci\u00f3n (6 h)<\/strong> centrada en riscos i procediments propis de fontaneria i climatitzaci\u00f3: muntatge de xarxes, soldadura, proves d\u2019estanquitat, pressions, manipulaci\u00f3 de refrigerants i posades en marxa. Si tamb\u00e9 realitzes altres oficis (p. ex. fusteria met\u00e0lica), haur\u00e0s d\u2019afegir el m\u00f2dul corresponent de 6 h. El conveni estableix la <strong>Renovaci\u00f3n cada 4 a\u00f1os<\/strong> amb un reciclatge de 4 h. Aquesta formaci\u00f3 complementa la b\u00e0sica del lloc de treball (arts. 18 i 19 LPRL); especialitats addicionals com amiant o PEMP es cursen a banda.<\/p>","protected":false},"excerpt":{"rendered":"<p>El curs de Fontaneria i d\u2019instal\u00b7lacions de climatitzaci\u00f3 prepara el personal del metall que treballa en obra de construcci\u00f3 per complir el que exigeix el conveni del metall i accedir al centre de treball amb seguretat. T\u00e9 una durada de 20 hores, en modalitat presencial (no disponible online), i l\u2019imparteix Previntegral, centre homologat per la [&hellip;]<\/p>\n","protected":false},"featured_media":5515,"comment_status":"open","ping_status":"closed","template":"","meta":{"_acf_changed":false},"product_brand":[],"product_cat":[52],"product_tag":[],"class_list":{"0":"post-5513","1":"product","2":"type-product","3":"status-publish","4":"has-post-thumbnail","6":"product_cat-metall-obra","8":"first","9":"instock","10":"virtual","11":"taxable","12":"purchasable","13":"product-type-curso"},"acf":[],"precio_regular_curso":0,"precio_bonificado_curso":0,"_links":{"self":[{"href":"https:\/\/testweb.previntegral.com\/es\/wp-json\/wp\/v2\/product\/5513","targetHints":{"allow":["GET"]}}],"collection":[{"href":"https:\/\/testweb.previntegral.com\/es\/wp-json\/wp\/v2\/product"}],"about":[{"href":"https:\/\/testweb.previntegral.com\/es\/wp-json\/wp\/v2\/types\/product"}],"replies":[{"embeddable":true,"href":"https:\/\/testweb.previntegral.com\/es\/wp-json\/wp\/v2\/comments?post=5513"}],"wp:featuredmedia":[{"embeddable":true,"href":"https:\/\/testweb.previntegral.com\/es\/wp-json\/wp\/v2\/media\/5515"}],"wp:attachment":[{"href":"https:\/\/testweb.previntegral.com\/es\/wp-json\/wp\/v2\/media?parent=5513"}],"wp:term":[{"taxonomy":"product_brand","embeddable":true,"href":"https:\/\/testweb.previntegral.com\/es\/wp-json\/wp\/v2\/product_brand?post=5513"},{"taxonomy":"product_cat","embeddable":true,"href":"https:\/\/testweb.previntegral.com\/es\/wp-json\/wp\/v2\/product_cat?post=5513"},{"taxonomy":"product_tag","embeddable":true,"href":"https:\/\/testweb.previntegral.com\/es\/wp-json\/wp\/v2\/product_tag?post=5513"}],"curies":[{"name":"wp","href":"https:\/\/api.w.org\/{rel}","templated":true}]}}