
{"id":5575,"date":"2025-12-09T16:56:57","date_gmt":"2025-12-09T16:56:57","guid":{"rendered":"https:\/\/testweb.previntegral.com\/producto\/reciclatge-en-treballs-de-construccio-i-manteniment-de-vies-ferries\/"},"modified":"2026-02-11T15:44:35","modified_gmt":"2026-02-11T15:44:35","slug":"reciclatge-en-treballs-de-construccio-i-manteniment-de-vies-ferries","status":"publish","type":"product","link":"https:\/\/testweb.previntegral.com\/es\/producto\/reciclatge-en-treballs-de-construccio-i-manteniment-de-vies-ferries\/","title":{"rendered":"Reciclaje en obras de construcci\u00f3n y mantenimiento ferroviario"},"content":{"rendered":"<p>Formaci\u00f3n <strong>En persona<\/strong> de <strong>6 horas<\/strong> dissenyada per a professionals del sector metall que intervenen en <strong>Construcci\u00f3n y mantenimiento de l\u00edneas ferroviarias<\/strong> en obra. Aquesta acci\u00f3 correspon a l\u2019<strong>especialidad<\/strong> del conveni i complementa la part troncal de 14 h (itinerari total 20 h), donant resposta a les obligacions del <strong>Acuerdo sobre metales<\/strong> per poder accedir al centre de treball obra de construcci\u00f3. Treballarem els <strong>riesgos espec\u00edficos<\/strong> del muntatge i manteniment de via, manipulaci\u00f3 de carrils i travesses, treballs sobre balast, \u00fas segur de <strong>maquin\u00e0ria de via<\/strong> i equips auxiliars, <strong>se\u00f1alizaci\u00f3n<\/strong> i balisament de la zona de treball, coordinaci\u00f3 d\u2019activitats, emerg\u00e8ncies i mesures davant treballs en proximitat d\u2019instal\u00b7lacions electrificades, aix\u00ed com elecci\u00f3 i \u00fas d\u2019<strong>\u00cdndice de protecci\u00f3n equivalente<\/strong> i proteccions col\u00b7lectives. Metodologia pr\u00e0ctica i orientada a cas real, impartida per <strong>Previntegral<\/strong>, centre homologat per la <strong>Comisionado Federal de Tierras<\/strong> (n\u00fam. 0505080031). Si realitzes tasques addicionals (p. ex. PEMP o amiant) cal formaci\u00f3 espec\u00edfica. Recorda el <strong>Reciclaje cada 4 a\u00f1os<\/strong> previst pel conveni.<\/p>","protected":false},"excerpt":{"rendered":"<p>Formaci\u00f3 presencial de 6 hores dissenyada per a professionals del sector metall que intervenen en treballs de construcci\u00f3 i manteniment de vies f\u00e8rries en obra. Aquesta acci\u00f3 correspon a l\u2019especialitat del conveni i complementa la part troncal de 14 h (itinerari total 20 h), donant resposta a les obligacions del conveni del metall per poder [&hellip;]<\/p>\n","protected":false},"featured_media":5577,"comment_status":"open","ping_status":"closed","template":"","meta":{"_acf_changed":false},"product_brand":[],"product_cat":[52],"product_tag":[],"class_list":{"0":"post-5575","1":"product","2":"type-product","3":"status-publish","4":"has-post-thumbnail","6":"product_cat-metall-obra","8":"first","9":"instock","10":"virtual","11":"taxable","12":"purchasable","13":"product-type-curso"},"acf":[],"precio_regular_curso":0,"precio_bonificado_curso":0,"_links":{"self":[{"href":"https:\/\/testweb.previntegral.com\/es\/wp-json\/wp\/v2\/product\/5575","targetHints":{"allow":["GET"]}}],"collection":[{"href":"https:\/\/testweb.previntegral.com\/es\/wp-json\/wp\/v2\/product"}],"about":[{"href":"https:\/\/testweb.previntegral.com\/es\/wp-json\/wp\/v2\/types\/product"}],"replies":[{"embeddable":true,"href":"https:\/\/testweb.previntegral.com\/es\/wp-json\/wp\/v2\/comments?post=5575"}],"wp:featuredmedia":[{"embeddable":true,"href":"https:\/\/testweb.previntegral.com\/es\/wp-json\/wp\/v2\/media\/5577"}],"wp:attachment":[{"href":"https:\/\/testweb.previntegral.com\/es\/wp-json\/wp\/v2\/media?parent=5575"}],"wp:term":[{"taxonomy":"product_brand","embeddable":true,"href":"https:\/\/testweb.previntegral.com\/es\/wp-json\/wp\/v2\/product_brand?post=5575"},{"taxonomy":"product_cat","embeddable":true,"href":"https:\/\/testweb.previntegral.com\/es\/wp-json\/wp\/v2\/product_cat?post=5575"},{"taxonomy":"product_tag","embeddable":true,"href":"https:\/\/testweb.previntegral.com\/es\/wp-json\/wp\/v2\/product_tag?post=5575"}],"curies":[{"name":"wp","href":"https:\/\/api.w.org\/{rel}","templated":true}]}}