
{"id":5590,"date":"2025-12-09T16:59:10","date_gmt":"2025-12-09T16:59:10","guid":{"rendered":"https:\/\/testweb.previntegral.com\/producto\/reciclatge-en-operadors-dequips-manuals\/"},"modified":"2026-02-11T15:44:35","modified_gmt":"2026-02-11T15:44:35","slug":"reciclaje-en-operadores-de-equipos-manuales","status":"publish","type":"product","link":"https:\/\/testweb.previntegral.com\/es\/producto\/reciclatge-en-operadors-dequips-manuals\/","title":{"rendered":"Reciclaje en operadores de equipos manuales"},"content":{"rendered":"<p>El curso <strong>Operadores de equipos manuales<\/strong> Es una acci\u00f3n. <strong>En persona<\/strong> de <strong>6 horas<\/strong> Dirigido al personal del sector metal\u00fargico que trabaja en <strong>Obras de construcci\u00f3n<\/strong>. Forma parte de la formaci\u00f3n de la <strong>Acuerdo General sobre Metales<\/strong> y corresponde al <strong>Parte espec\u00edfica (6 h)<\/strong> que complementa el curso b\u00e1sico de 14 horas. El objetivo es proporcionar formaci\u00f3n sobre el uso seguro de herramientas como amoladoras angulares, taladros, sierras, martillos percutores y similares, identificando <strong>riesgos<\/strong> (cortes, proyecciones, vibraciones, ruido, polvo) y aplicando <strong>medidas preventivas<\/strong> i <strong>\u00cdndice de protecci\u00f3n equivalente<\/strong>, as\u00ed como <strong>Procedimientos de trabajo seguros<\/strong>, comprobaciones previas, mantenimiento b\u00e1sico y se\u00f1alizaci\u00f3n. La formaci\u00f3n cumple con las obligaciones de los art\u00edculos 18 y 19 de la LPRL y del Convenio del Metal para poder acceder a las obras de construcci\u00f3n. Si realiza tareas espec\u00edficas (por ejemplo, <strong>Eliminaci\u00f3n de amianto<\/strong> o uso de <strong>Plan m\u00e9dico de emergencia p\u00fablica<\/strong>) ser\u00e1 necesaria una formaci\u00f3n adicional. La validez es de 4 a\u00f1os, con <strong>Reciclaje de 4 horas<\/strong>. Impartido por Previntegral, centro <strong>FLC homologado<\/strong> n.\u00ba 0505080031.<\/p>","protected":false},"excerpt":{"rendered":"<p>El curs Operadors d\u2019equips manuals \u00e9s una acci\u00f3 presencial de 6 hores adre\u00e7ada al personal del sector del metall que treballa en obres de construcci\u00f3. Forma part de la formaci\u00f3 del Conveni General del Metall i correspon a la part espec\u00edfica (6 h) que complementa la troncal de 14 h. L\u2019objectiu \u00e9s capacitar per a [&hellip;]<\/p>\n","protected":false},"featured_media":5592,"comment_status":"open","ping_status":"closed","template":"","meta":{"_acf_changed":false},"product_brand":[],"product_cat":[52],"product_tag":[],"class_list":{"0":"post-5590","1":"product","2":"type-product","3":"status-publish","4":"has-post-thumbnail","6":"product_cat-metall-obra","8":"first","9":"instock","10":"virtual","11":"taxable","12":"purchasable","13":"product-type-curso"},"acf":[],"precio_regular_curso":0,"precio_bonificado_curso":0,"_links":{"self":[{"href":"https:\/\/testweb.previntegral.com\/es\/wp-json\/wp\/v2\/product\/5590","targetHints":{"allow":["GET"]}}],"collection":[{"href":"https:\/\/testweb.previntegral.com\/es\/wp-json\/wp\/v2\/product"}],"about":[{"href":"https:\/\/testweb.previntegral.com\/es\/wp-json\/wp\/v2\/types\/product"}],"replies":[{"embeddable":true,"href":"https:\/\/testweb.previntegral.com\/es\/wp-json\/wp\/v2\/comments?post=5590"}],"wp:featuredmedia":[{"embeddable":true,"href":"https:\/\/testweb.previntegral.com\/es\/wp-json\/wp\/v2\/media\/5592"}],"wp:attachment":[{"href":"https:\/\/testweb.previntegral.com\/es\/wp-json\/wp\/v2\/media?parent=5590"}],"wp:term":[{"taxonomy":"product_brand","embeddable":true,"href":"https:\/\/testweb.previntegral.com\/es\/wp-json\/wp\/v2\/product_brand?post=5590"},{"taxonomy":"product_cat","embeddable":true,"href":"https:\/\/testweb.previntegral.com\/es\/wp-json\/wp\/v2\/product_cat?post=5590"},{"taxonomy":"product_tag","embeddable":true,"href":"https:\/\/testweb.previntegral.com\/es\/wp-json\/wp\/v2\/product_tag?post=5590"}],"curies":[{"name":"wp","href":"https:\/\/api.w.org\/{rel}","templated":true}]}}