
{"id":5596,"date":"2025-12-09T17:00:27","date_gmt":"2025-12-09T17:00:27","guid":{"rendered":"https:\/\/testweb.previntegral.com\/producto\/reciclatge-en-muntatge-destructures-tubulars\/"},"modified":"2026-02-11T15:44:35","modified_gmt":"2026-02-11T15:44:35","slug":"reciclatge-en-muntatge-destructures-tubulars","status":"publish","type":"product","link":"https:\/\/testweb.previntegral.com\/es\/producto\/reciclatge-en-muntatge-destructures-tubulars\/","title":{"rendered":"Reciclaje en el montaje de estructuras tubulares"},"content":{"rendered":"<p>El curso de <strong>6 horas<\/strong> de <strong>Montaje de estructuras tubulares<\/strong> \u00e9s la formaci\u00f3 d\u2019<strong>especialidad<\/strong> del Conveni del Metall per a treballs en obra de construcci\u00f3. En <strong>Modo presencial<\/strong> (no disponible en l\u00ednia), capacita el personal per accedir al centre de treball i executar amb seguretat tasques com el muntatge de bastides, torres i suports provisionals, d\u2019acord amb el <strong>Conveni col\u00b7lectiu estatal del sector del metall<\/strong>. S\u2019aborden riscos espec\u00edfics, criteris d\u2019<strong>estabilidad<\/strong>, <strong>anclajes<\/strong> i recolzaments, c\u00e0rregues admissibles, \u00fas d\u2019<strong>\u00cdndice de protecci\u00f3n equivalente<\/strong> i equips de treball, senyalitzaci\u00f3, ordres de treball i procediments de <strong>muntatge, \u00fas i desmuntatge<\/strong>, aix\u00ed com actuaci\u00f3 davant incid\u00e8ncies i primers auxilis b\u00e0sics. Forma part de l\u2019itinerari de 20 h (14 h <strong>part com\u00fa<\/strong> + 6 h especialitat): si ja tens la troncal, nom\u00e9s has de cursar aquestes 6 h; si no, cal completar-la per disposar de l\u2019ofici. La formaci\u00f3 s\u2019ha de <strong>Renovar cada 4 a\u00f1os<\/strong> amb 4 h de reciclatge. Impartit per Previntegral, centre homologat per la <strong>Comisionado Federal de Tierras<\/strong> (n.\u00ba 0505080031).<\/p>","protected":false},"excerpt":{"rendered":"<p>El curs de 6 h de Muntatge d\u2019estructures tubulars \u00e9s la formaci\u00f3 d\u2019especialitat del Conveni del Metall per a treballs en obra de construcci\u00f3. En modalitat presencial (no disponible en l\u00ednia), capacita el personal per accedir al centre de treball i executar amb seguretat tasques com el muntatge de bastides, torres i suports provisionals, d\u2019acord [&hellip;]<\/p>\n","protected":false},"featured_media":5598,"comment_status":"open","ping_status":"closed","template":"","meta":{"_acf_changed":false},"product_brand":[],"product_cat":[52],"product_tag":[],"class_list":{"0":"post-5596","1":"product","2":"type-product","3":"status-publish","4":"has-post-thumbnail","6":"product_cat-metall-obra","8":"first","9":"instock","10":"virtual","11":"taxable","12":"purchasable","13":"product-type-curso"},"acf":[],"precio_regular_curso":0,"precio_bonificado_curso":0,"_links":{"self":[{"href":"https:\/\/testweb.previntegral.com\/es\/wp-json\/wp\/v2\/product\/5596","targetHints":{"allow":["GET"]}}],"collection":[{"href":"https:\/\/testweb.previntegral.com\/es\/wp-json\/wp\/v2\/product"}],"about":[{"href":"https:\/\/testweb.previntegral.com\/es\/wp-json\/wp\/v2\/types\/product"}],"replies":[{"embeddable":true,"href":"https:\/\/testweb.previntegral.com\/es\/wp-json\/wp\/v2\/comments?post=5596"}],"wp:featuredmedia":[{"embeddable":true,"href":"https:\/\/testweb.previntegral.com\/es\/wp-json\/wp\/v2\/media\/5598"}],"wp:attachment":[{"href":"https:\/\/testweb.previntegral.com\/es\/wp-json\/wp\/v2\/media?parent=5596"}],"wp:term":[{"taxonomy":"product_brand","embeddable":true,"href":"https:\/\/testweb.previntegral.com\/es\/wp-json\/wp\/v2\/product_brand?post=5596"},{"taxonomy":"product_cat","embeddable":true,"href":"https:\/\/testweb.previntegral.com\/es\/wp-json\/wp\/v2\/product_cat?post=5596"},{"taxonomy":"product_tag","embeddable":true,"href":"https:\/\/testweb.previntegral.com\/es\/wp-json\/wp\/v2\/product_tag?post=5596"}],"curies":[{"name":"wp","href":"https:\/\/api.w.org\/{rel}","templated":true}]}}