
{"id":5605,"date":"2025-12-09T17:01:35","date_gmt":"2025-12-09T17:01:35","guid":{"rendered":"https:\/\/testweb.previntegral.com\/producto\/especialitat-en-ept-2000-01-08-formacio-preventiva-per-a-lexercici-del-lloc-doperador-de-maquinaria-de-transport-camio-i-bolquet-en-activitats-extractives-dexterior\/"},"modified":"2026-03-22T10:37:06","modified_gmt":"2026-03-22T10:37:06","slug":"especializacion-en-ept-2000-01-08-formacion-preventiva-para-el-ejercicio-de-la-profesion-de-operador-de-maquinaria-de-transporte-camiones-y-volquetes-en-actividades-extractivas-al-aire-libre","status":"publish","type":"product","link":"https:\/\/testweb.previntegral.com\/es\/producto\/especialitat-en-ept-2000-01-08-formacio-preventiva-per-a-lexercici-del-lloc-doperador-de-maquinaria-de-transport-camio-i-bolquet-en-activitats-extractives-dexterior\/","title":{"rendered":"Especialidad en EPT 2000.01.08 \u2013 Formaci\u00f3n preventiva para el ejercicio de la funci\u00f3n de maquinaria de transporte, operador de camiones y volquetes en actividades de extracci\u00f3n a cielo abierto."},"content":{"rendered":"<p>Formaci\u00f3n obligatoria de <strong>Sector minero<\/strong> para entrenar a los\u2019<strong>Operador de maquinaria de transporte (cami\u00f3n y volquete)<\/strong> que trabaja en <strong>actividades extractivas al aire libre<\/strong>. Basado en el ITC <strong>1316\/2008<\/strong>, esta acci\u00f3n garantiza el <strong>formaci\u00f3n preventiva<\/strong> m\u00ednimo requerido para operar de manera segura en <em>Plantas de agregados, canteras y graveras<\/em>, y en tareas superficiales relacionadas con entornos mixtos. En <strong>5 horas<\/strong> y en <strong>Modo presencial<\/strong>, se abordan los riesgos espec\u00edficos del transporte en la miner\u00eda a cielo abierto: rutas y <strong>circulaci\u00f3n interna<\/strong>, maniobras de <strong>carga y descarga<\/strong>, control de\u2019<strong>estabilidad<\/strong> y prevenci\u00f3n de <strong>revoca<\/strong>, pendientes y terraplenes, distancias de seguridad, interacci\u00f3n con excavadoras y equipos auxiliares, y <strong>se\u00f1alizaci\u00f3n<\/strong>. Incluido <strong>Comprobaciones previas<\/strong> del veh\u00edculo, <strong>Mantenimiento b\u00e1sico<\/strong>, uso adecuado de\u2019<strong>\u00cdndice de protecci\u00f3n equivalente<\/strong>, procedimientos de comunicaci\u00f3n y coordinaci\u00f3n para las actividades, actuaci\u00f3n ante <strong>Emergencias<\/strong> y factores humanos (fatiga, visibilidad, distracciones). El objetivo es que los alumnos adquieran <strong>Competencias operativas y preventivas<\/strong> Reducir los incidentes, cumplir con la normativa y trabajar con criterio profesional en cualquier centro dedicado a actividades mineras.<\/p>","protected":false},"excerpt":{"rendered":"<p>Formaci\u00f3 obligat\u00f2ria del Sector miner per capacitar l\u2019operador\/a de maquin\u00e0ria de transport (cami\u00f3 i bolquet) que treballa en activitats extractives d\u2019exterior. Basada en la ITC 1316\/2008, aquesta acci\u00f3 garanteix la formaci\u00f3 preventiva m\u00ednima exigida per operar amb seguretat en plantes d\u2019\u00e0rids, pedreres i graveres, i en tasques de superf\u00edcie vinculades a entorns mixtos. En 5 [&hellip;]<\/p>\n","protected":false},"featured_media":5607,"comment_status":"open","ping_status":"closed","template":"","meta":{"_acf_changed":false},"product_brand":[],"product_cat":[43],"product_tag":[],"class_list":{"0":"post-5605","1":"product","2":"type-product","3":"status-publish","4":"has-post-thumbnail","6":"product_cat-miner","8":"first","9":"instock","10":"virtual","11":"taxable","12":"purchasable","13":"product-type-curso"},"acf":[],"precio_regular_curso":173.03,"precio_bonificado_curso":181.5,"_links":{"self":[{"href":"https:\/\/testweb.previntegral.com\/es\/wp-json\/wp\/v2\/product\/5605","targetHints":{"allow":["GET"]}}],"collection":[{"href":"https:\/\/testweb.previntegral.com\/es\/wp-json\/wp\/v2\/product"}],"about":[{"href":"https:\/\/testweb.previntegral.com\/es\/wp-json\/wp\/v2\/types\/product"}],"replies":[{"embeddable":true,"href":"https:\/\/testweb.previntegral.com\/es\/wp-json\/wp\/v2\/comments?post=5605"}],"wp:featuredmedia":[{"embeddable":true,"href":"https:\/\/testweb.previntegral.com\/es\/wp-json\/wp\/v2\/media\/5607"}],"wp:attachment":[{"href":"https:\/\/testweb.previntegral.com\/es\/wp-json\/wp\/v2\/media?parent=5605"}],"wp:term":[{"taxonomy":"product_brand","embeddable":true,"href":"https:\/\/testweb.previntegral.com\/es\/wp-json\/wp\/v2\/product_brand?post=5605"},{"taxonomy":"product_cat","embeddable":true,"href":"https:\/\/testweb.previntegral.com\/es\/wp-json\/wp\/v2\/product_cat?post=5605"},{"taxonomy":"product_tag","embeddable":true,"href":"https:\/\/testweb.previntegral.com\/es\/wp-json\/wp\/v2\/product_tag?post=5605"}],"curies":[{"name":"wp","href":"https:\/\/api.w.org\/{rel}","templated":true}]}}