
{"id":5611,"date":"2025-12-09T17:02:04","date_gmt":"2025-12-09T17:02:04","guid":{"rendered":"https:\/\/testweb.previntegral.com\/producto\/especialitat-en-ept-2001-01-08-formacio-preventiva-per-a-lexercici-del-lloc-doperador-de-maquinaria-darrencada-carrega-vials-en-activitats-dexterior\/"},"modified":"2026-02-05T14:36:51","modified_gmt":"2026-02-05T14:36:51","slug":"especialitat-en-ept-2001-01-08-formacio-preventiva-per-a-lexercici-del-lloc-doperador-de-maquinaria-darrencada-carrega-vials-en-activitats-dexterior","status":"publish","type":"product","link":"https:\/\/testweb.previntegral.com\/es\/producto\/especialitat-en-ept-2001-01-08-formacio-preventiva-per-a-lexercici-del-lloc-doperador-de-maquinaria-darrencada-carrega-vials-en-activitats-dexterior\/","title":{"rendered":"Especialidad en EPT 08\/01\/2001: Formaci\u00f3n preventiva para el ejercicio del puesto de operador de maquinaria de desbroce\/carga\/transporte en actividades al aire libre."},"content":{"rendered":"<p>Aquest curs dona compliment a l\u2019Ordre ITC\/1316\/2008 i a la <strong>ITC 02.1.02<\/strong>, garantint la formaci\u00f3 preventiva m\u00ednima obligat\u00f2ria al <strong>sector minero<\/strong> per a l\u2019operador de <strong>maquin\u00e0ria d\u2019arrencada, c\u00e0rrega i vials<\/strong> en activitats d\u2019exterior. En <strong>Modo presencial<\/strong> y con una duraci\u00f3n de <strong>5 horas<\/strong>, combina continguts t\u00e8cnics amb casos reals per refor\u00e7ar <strong>Procedimientos de trabajo seguros<\/strong>, senyalitzaci\u00f3 i comunicaci\u00f3 en maniobres amb excavadores, pales, d\u00fampers o motonivelladores. S\u2019hi aborden els <strong>riesgos espec\u00edficos<\/strong> d\u2019exterior (bolcades, atropellaments, atrapaments, caiguda de blocs, pendents, pols, soroll i vibracions), la gesti\u00f3 de vials i rutes internes, zones d\u2019exclusi\u00f3, verificacions preoperacionals i \u00fas d\u2019<strong>Equipo de protecci\u00f3n personal<\/strong>, aix\u00ed com elements ROPS\/FOPS, cintur\u00f3 i normes de tr\u00e0nsit intern. Inclou pautes d\u2019actuaci\u00f3 davant emerg\u00e8ncies, incendis i voladures programades, i criteris de bloqueig\/etiquetatge durant manteniments. Dirigit a personal de plantes d\u2019\u00e0rids, pedreres, graveres i a equips que operen o interactuen en exteriors de mineria subterr\u00e0nia, ajuda a consolidar una cultura preventiva, reduir incidents i assegurar el compliment normatiu en centres de treball adscrits a activitats mineres.<\/p>","protected":false},"excerpt":{"rendered":"<p>Aquest curs dona compliment a l\u2019Ordre ITC\/1316\/2008 i a la ITC 02.1.02, garantint la formaci\u00f3 preventiva m\u00ednima obligat\u00f2ria al sector miner per a l\u2019operador de maquin\u00e0ria d\u2019arrencada, c\u00e0rrega i vials en activitats d\u2019exterior. En modalitat presencial i amb una durada de 5 hores, combina continguts t\u00e8cnics amb casos reals per refor\u00e7ar procediments de treball segur, [&hellip;]<\/p>\n","protected":false},"featured_media":5613,"comment_status":"open","ping_status":"closed","template":"","meta":{"_acf_changed":false},"product_brand":[],"product_cat":[43],"product_tag":[],"class_list":{"0":"post-5611","1":"product","2":"type-product","3":"status-publish","4":"has-post-thumbnail","6":"product_cat-miner","8":"first","9":"instock","10":"virtual","11":"taxable","12":"purchasable","13":"product-type-curso"},"acf":[],"precio_regular_curso":0,"precio_bonificado_curso":0,"_links":{"self":[{"href":"https:\/\/testweb.previntegral.com\/es\/wp-json\/wp\/v2\/product\/5611","targetHints":{"allow":["GET"]}}],"collection":[{"href":"https:\/\/testweb.previntegral.com\/es\/wp-json\/wp\/v2\/product"}],"about":[{"href":"https:\/\/testweb.previntegral.com\/es\/wp-json\/wp\/v2\/types\/product"}],"replies":[{"embeddable":true,"href":"https:\/\/testweb.previntegral.com\/es\/wp-json\/wp\/v2\/comments?post=5611"}],"wp:featuredmedia":[{"embeddable":true,"href":"https:\/\/testweb.previntegral.com\/es\/wp-json\/wp\/v2\/media\/5613"}],"wp:attachment":[{"href":"https:\/\/testweb.previntegral.com\/es\/wp-json\/wp\/v2\/media?parent=5611"}],"wp:term":[{"taxonomy":"product_brand","embeddable":true,"href":"https:\/\/testweb.previntegral.com\/es\/wp-json\/wp\/v2\/product_brand?post=5611"},{"taxonomy":"product_cat","embeddable":true,"href":"https:\/\/testweb.previntegral.com\/es\/wp-json\/wp\/v2\/product_cat?post=5611"},{"taxonomy":"product_tag","embeddable":true,"href":"https:\/\/testweb.previntegral.com\/es\/wp-json\/wp\/v2\/product_tag?post=5611"}],"curies":[{"name":"wp","href":"https:\/\/api.w.org\/{rel}","templated":true}]}}