
{"id":5614,"date":"2025-12-09T17:02:52","date_gmt":"2025-12-09T17:02:52","guid":{"rendered":"https:\/\/testweb.previntegral.com\/producto\/especialitat-en-ept-2002-01-08-formacio-preventiva-per-a-lexercici-dels-llocs-doperador-darrencada-carrega-i-operador-de-perforacio-voladura-en-activitats-extractives-dinterior\/"},"modified":"2026-02-05T14:36:51","modified_gmt":"2026-02-05T14:36:51","slug":"especializacion-en-ept-2002-01-08-formacion-preventiva-para-el-ejercicio-de-los-puestos-de-operador-de-cargadora-operador-de-perforadora-y-operador-de-voladuras-en-actividades-extractivas-subterranea","status":"publish","type":"product","link":"https:\/\/testweb.previntegral.com\/es\/producto\/especialitat-en-ept-2002-01-08-formacio-preventiva-per-a-lexercici-dels-llocs-doperador-darrencada-carrega-i-operador-de-perforacio-voladura-en-activitats-extractives-dinterior\/","title":{"rendered":"Especializaci\u00f3n en EPT 2002.01.08 \u2013 Formaci\u00f3n preventiva para el ejercicio de los puestos de operario de arranque\/carga y operario de perforaci\u00f3n\/voladura en actividades de extracci\u00f3n subterr\u00e1nea."},"content":{"rendered":"<p>Esta formaci\u00f3n <strong>En persona<\/strong> de <strong>5 horas<\/strong> Haz un cumplido al\u2019<strong>ITC 02.1.02<\/strong> aprobado por la Orden ITC\/1316\/2008 y establece el <strong>formaci\u00f3n preventiva m\u00ednima<\/strong> para el ejercicio de los cargos de\u2019<strong>Operador de arranque\/carga<\/strong> y de\u2019<strong>Operador de perforaci\u00f3n y voladura<\/strong> en actividades extractivas en interiores. Est\u00e1 dirigido al personal que trabaja habitualmente en plantas de \u00e1ridos, canteras, graveras y minas subterr\u00e1neas, y se ajusta a la convenci\u00f3n de la <strong>sector minero<\/strong>. Los alumnos aprender\u00e1n a identificar y controlar riesgos espec\u00edficos (ca\u00edda de bloques, polvo y ventilaci\u00f3n, atm\u00f3sferas explosivas, vibraciones y ruido), y a aplicar <strong>Procedimientos de trabajo seguros<\/strong> en operaciones de puesta en marcha, carga y transporte, y en la planificaci\u00f3n de perforaciones y voladuras de acuerdo con criterios de seguridad, se\u00f1alizaci\u00f3n y permisos. Se trata el uso adecuado de...\u2019<strong>\u00cdndice de protecci\u00f3n equivalente<\/strong> equipos, bloqueo y etiquetado, comunicaci\u00f3n y coordinaci\u00f3n de actividades, as\u00ed como respuesta a emergencias. <strong>Emergencias<\/strong>. A trav\u00e9s de casos pr\u00e1cticos y ejemplos reales, los participantes refuerzan <strong>competencias<\/strong> clave para minimizar los incidentes y garantizar operaciones eficientes y seguras dentro de la mina.<\/p>","protected":false},"excerpt":{"rendered":"<p>Aquesta formaci\u00f3 presencial de 5 hores dona compliment a l\u2019ITC 02.1.02 aprovada per l\u2019Ordre ITC\/1316\/2008 i proporciona la formaci\u00f3 preventiva m\u00ednima per a l\u2019exercici dels llocs d\u2019operador d\u2019arrencada\/c\u00e0rrega i d\u2019operador de perforaci\u00f3 i voladura en activitats extractives d\u2019interior. S\u2019adre\u00e7a a personal que treballa habitualment en plantes d\u2019\u00e0rids, pedreres, graveres i mineria subterr\u00e0nia, i est\u00e0 alineada [&hellip;]<\/p>\n","protected":false},"featured_media":5616,"comment_status":"open","ping_status":"closed","template":"","meta":{"_acf_changed":false},"product_brand":[],"product_cat":[43],"product_tag":[],"class_list":{"0":"post-5614","1":"product","2":"type-product","3":"status-publish","4":"has-post-thumbnail","6":"product_cat-miner","8":"first","9":"instock","10":"virtual","11":"taxable","12":"purchasable","13":"product-type-curso"},"acf":[],"precio_regular_curso":0,"precio_bonificado_curso":0,"_links":{"self":[{"href":"https:\/\/testweb.previntegral.com\/es\/wp-json\/wp\/v2\/product\/5614","targetHints":{"allow":["GET"]}}],"collection":[{"href":"https:\/\/testweb.previntegral.com\/es\/wp-json\/wp\/v2\/product"}],"about":[{"href":"https:\/\/testweb.previntegral.com\/es\/wp-json\/wp\/v2\/types\/product"}],"replies":[{"embeddable":true,"href":"https:\/\/testweb.previntegral.com\/es\/wp-json\/wp\/v2\/comments?post=5614"}],"wp:featuredmedia":[{"embeddable":true,"href":"https:\/\/testweb.previntegral.com\/es\/wp-json\/wp\/v2\/media\/5616"}],"wp:attachment":[{"href":"https:\/\/testweb.previntegral.com\/es\/wp-json\/wp\/v2\/media?parent=5614"}],"wp:term":[{"taxonomy":"product_brand","embeddable":true,"href":"https:\/\/testweb.previntegral.com\/es\/wp-json\/wp\/v2\/product_brand?post=5614"},{"taxonomy":"product_cat","embeddable":true,"href":"https:\/\/testweb.previntegral.com\/es\/wp-json\/wp\/v2\/product_cat?post=5614"},{"taxonomy":"product_tag","embeddable":true,"href":"https:\/\/testweb.previntegral.com\/es\/wp-json\/wp\/v2\/product_tag?post=5614"}],"curies":[{"name":"wp","href":"https:\/\/api.w.org\/{rel}","templated":true}]}}