
{"id":5617,"date":"2025-12-09T17:03:15","date_gmt":"2025-12-09T17:03:15","guid":{"rendered":"https:\/\/testweb.previntegral.com\/producto\/especialitat-en-ept-2003-01-10-formacio-preventiva-per-a-lexercici-dels-llocs-de-treball-enquadrats-en-els-grups-5-1-lletres-a-b-c-i-5-2-lletres-a-b-d-f-i-h-de-la-instruccio-tecnica-c\/"},"modified":"2026-02-05T14:42:28","modified_gmt":"2026-02-05T14:42:28","slug":"especializacion-en-ept-10-01-2003-formacion-preventiva-para-el-desempeno-de-puestos-de-trabajo-clasificados-en-los-grupos-5-1-letras-a-b-y-c-y-5-2-letras-a-b-d-f-y-h-de-la-instruccion-tecnica","status":"publish","type":"product","link":"https:\/\/testweb.previntegral.com\/es\/producto\/especialitat-en-ept-2003-01-10-formacio-preventiva-per-a-lexercici-dels-llocs-de-treball-enquadrats-en-els-grups-5-1-lletres-a-b-c-i-5-2-lletres-a-b-d-f-i-h-de-la-instruccio-tecnica-c\/","title":{"rendered":"Especializaci\u00f3n en EPT 10\/01\/2003 \u2013 Formaci\u00f3n preventiva para el desempe\u00f1o de los trabajos clasificados en los grupos 5.1 (letras a, b y c) y 5.2 (letras a, b, d, f y h) de la Instrucci\u00f3n T\u00e9cnica Complementaria 02.1.02, \u00abFormaci\u00f3n preventiva para el desempe\u00f1o del trabajo\u00bb. B\u00fasqueda y diversas actividades al aire libre."},"content":{"rendered":"<p>En cumplimiento de la Orden ITC\/1316\/2008, este curso proporciona la formaci\u00f3n m\u00ednima preventiva establecida en el <strong>ITC 02.1.02<\/strong> para los lugares de los grupos 5.1 (a, b, c) y 5.2 (a, b, d, f, h), con especial atenci\u00f3n a <strong>investigaci\u00f3n y diversas actividades al aire libre<\/strong>. Dise\u00f1ado para el personal de <em>Plantas de agregados, canteras, graveras y miner\u00eda subterr\u00e1nea<\/em>, trabaja pr\u00e1cticamente en la identificaci\u00f3n de <strong>riesgos espec\u00edficos<\/strong> (ca\u00eddas a diferentes niveles, tr\u00e1fico interno y maquinaria m\u00f3vil, voladuras y \u00e1reas de influencia, vuelcos, condiciones meteorol\u00f3gicas adversas, polvo y ruido), as\u00ed como el uso seguro de\u2019<strong>\u00cdndice de protecci\u00f3n equivalente<\/strong>, se\u00f1alizaci\u00f3n, comunicaci\u00f3n operativa y respuesta ante emergencias. Tambi\u00e9n aborda los procedimientos para <em>permisos de trabajo<\/em>, control de acceso y directrices de trabajo seguro para reconocimiento del terreno, muestreo, topograf\u00eda y mantenimiento al aire libre. En <strong>Modo presencial<\/strong> y con una duraci\u00f3n concentrada de <strong>5 horas<\/strong>, combina explicaciones t\u00e9cnicas, casos reales y ejercicios de aplicaci\u00f3n para consolidar h\u00e1bitos de <strong>Seguridad y salud<\/strong> de conformidad con el acuerdo del sector minero y la legislaci\u00f3n vigente.<\/p>","protected":false},"excerpt":{"rendered":"<p>En compliment de l\u2019Ordre ITC\/1316\/2008, aquest curs proporciona la formaci\u00f3 preventiva m\u00ednima establerta a la ITC 02.1.02 per als llocs dels grups 5.1 (a, b, c) i 5.2 (a, b, d, f, h), amb focus en recerca i activitats diverses d\u2019exterior. Pensat per a personal de plantes d\u2019\u00e0rids, pedreres, graveres i mineria subterr\u00e0nia, treballa de [&hellip;]<\/p>\n","protected":false},"featured_media":5619,"comment_status":"open","ping_status":"closed","template":"","meta":{"_acf_changed":false},"product_brand":[],"product_cat":[43],"product_tag":[],"class_list":{"0":"post-5617","1":"product","2":"type-product","3":"status-publish","4":"has-post-thumbnail","6":"product_cat-miner","8":"first","9":"instock","10":"virtual","11":"taxable","12":"purchasable","13":"product-type-curso"},"acf":[],"precio_regular_curso":0,"precio_bonificado_curso":0,"_links":{"self":[{"href":"https:\/\/testweb.previntegral.com\/es\/wp-json\/wp\/v2\/product\/5617","targetHints":{"allow":["GET"]}}],"collection":[{"href":"https:\/\/testweb.previntegral.com\/es\/wp-json\/wp\/v2\/product"}],"about":[{"href":"https:\/\/testweb.previntegral.com\/es\/wp-json\/wp\/v2\/types\/product"}],"replies":[{"embeddable":true,"href":"https:\/\/testweb.previntegral.com\/es\/wp-json\/wp\/v2\/comments?post=5617"}],"wp:featuredmedia":[{"embeddable":true,"href":"https:\/\/testweb.previntegral.com\/es\/wp-json\/wp\/v2\/media\/5619"}],"wp:attachment":[{"href":"https:\/\/testweb.previntegral.com\/es\/wp-json\/wp\/v2\/media?parent=5617"}],"wp:term":[{"taxonomy":"product_brand","embeddable":true,"href":"https:\/\/testweb.previntegral.com\/es\/wp-json\/wp\/v2\/product_brand?post=5617"},{"taxonomy":"product_cat","embeddable":true,"href":"https:\/\/testweb.previntegral.com\/es\/wp-json\/wp\/v2\/product_cat?post=5617"},{"taxonomy":"product_tag","embeddable":true,"href":"https:\/\/testweb.previntegral.com\/es\/wp-json\/wp\/v2\/product_tag?post=5617"}],"curies":[{"name":"wp","href":"https:\/\/api.w.org\/{rel}","templated":true}]}}