
{"id":7539,"date":"2026-02-19T15:42:16","date_gmt":"2026-02-19T15:42:16","guid":{"rendered":"https:\/\/testweb.previntegral.com\/producto\/muntador-destructures-de-fusta\/"},"modified":"2026-02-20T10:31:23","modified_gmt":"2026-02-20T10:31:23","slug":"muntador-destructures-de-fusta","status":"publish","type":"product","link":"https:\/\/testweb.previntegral.com\/es\/producto\/muntador-destructures-de-fusta\/","title":{"rendered":"Montador de estructuras de madera"},"content":{"rendered":"<p>El curs de Muntador d\u2019estructures de fusta est\u00e0 pensat per a professionals del conveni de <strong>Madera y mueble<\/strong> que volen consolidar les seves <strong>compet\u00e8ncies t\u00e8cniques i pr\u00e0ctiques<\/strong> en el <strong>muntatge d\u2019estructures de fusta<\/strong>. Con una duraci\u00f3n de <strong>20 horas<\/strong> y modo <strong>100% en persona<\/strong>, combina sessions te\u00f2riques amb tallers aplicats per treballar replanteig, lectura de pl\u00e0nols, sistemes d\u2019ancoratge, encaixos i \u00fas segur d\u2019eines i maquin\u00e0ria port\u00e0til. La formaci\u00f3 integra la <strong>prevenci\u00f3n de riesgos laborales<\/strong> segons la normativa vigent i s\u2019ajusta als requisits del <strong>Reglament de la Targeta Professional de la Construcci\u00f3 (TPC)<\/strong> per garantir una execuci\u00f3 segura i eficient a obra. Es realitza en un centre homologat per la Fundaci\u00f3 Laboral de la Construcci\u00f3 i est\u00e0 orientada a personal de producci\u00f3, operaris i encarregats que necessiten incorporar-se o reciclar-se amb garanties. En finalitzar, l\u2019alumnat ser\u00e0 capa\u00e7 d\u2019organitzar tasques, aplicar criteris de qualitat i minimitzar incidents durant el muntatge i la instal\u00b7laci\u00f3 d\u2019elements de fusta.<\/p>","protected":false},"excerpt":{"rendered":"<p>El curs de Muntador d\u2019estructures de fusta est\u00e0 pensat per a professionals del conveni de Fusta i moble que volen consolidar les seves compet\u00e8ncies t\u00e8cniques i pr\u00e0ctiques en el muntatge d\u2019estructures de fusta. Amb una durada de 20 hores i modalitat 100% presencial, combina sessions te\u00f2riques amb tallers aplicats per treballar replanteig, lectura de pl\u00e0nols, [&hellip;]<\/p>\n","protected":false},"featured_media":7541,"comment_status":"open","ping_status":"closed","template":"","meta":{"_acf_changed":false},"product_brand":[],"product_cat":[42],"product_tag":[],"class_list":{"0":"post-7539","1":"product","2":"type-product","3":"status-publish","4":"has-post-thumbnail","6":"product_cat-fusta-i-moble","8":"first","9":"instock","10":"virtual","11":"taxable","12":"purchasable","13":"product-type-curso"},"acf":[],"precio_regular_curso":340.01,"precio_bonificado_curso":358.16,"_links":{"self":[{"href":"https:\/\/testweb.previntegral.com\/es\/wp-json\/wp\/v2\/product\/7539","targetHints":{"allow":["GET"]}}],"collection":[{"href":"https:\/\/testweb.previntegral.com\/es\/wp-json\/wp\/v2\/product"}],"about":[{"href":"https:\/\/testweb.previntegral.com\/es\/wp-json\/wp\/v2\/types\/product"}],"replies":[{"embeddable":true,"href":"https:\/\/testweb.previntegral.com\/es\/wp-json\/wp\/v2\/comments?post=7539"}],"wp:featuredmedia":[{"embeddable":true,"href":"https:\/\/testweb.previntegral.com\/es\/wp-json\/wp\/v2\/media\/7541"}],"wp:attachment":[{"href":"https:\/\/testweb.previntegral.com\/es\/wp-json\/wp\/v2\/media?parent=7539"}],"wp:term":[{"taxonomy":"product_brand","embeddable":true,"href":"https:\/\/testweb.previntegral.com\/es\/wp-json\/wp\/v2\/product_brand?post=7539"},{"taxonomy":"product_cat","embeddable":true,"href":"https:\/\/testweb.previntegral.com\/es\/wp-json\/wp\/v2\/product_cat?post=7539"},{"taxonomy":"product_tag","embeddable":true,"href":"https:\/\/testweb.previntegral.com\/es\/wp-json\/wp\/v2\/product_tag?post=7539"}],"curies":[{"name":"wp","href":"https:\/\/api.w.org\/{rel}","templated":true}]}}