
{"id":7559,"date":"2026-02-19T15:46:33","date_gmt":"2026-02-19T15:46:33","guid":{"rendered":"https:\/\/testweb.previntegral.com\/producto\/especialitat-en-muntador-destructures-de-fusta\/"},"modified":"2026-02-20T10:31:23","modified_gmt":"2026-02-20T10:31:23","slug":"especialitat-en-muntador-destructures-de-fusta","status":"publish","type":"product","link":"https:\/\/testweb.previntegral.com\/es\/producto\/especialitat-en-muntador-destructures-de-fusta\/","title":{"rendered":"Especialista en montaje de estructuras de madera"},"content":{"rendered":"<p>Este curso de <strong>Muntador d\u2019estructures de fusta<\/strong>, vinculat al conveni de <strong>Madera y mueble<\/strong>, t\u2019ajuda a acreditar la <strong>Prevenci\u00f3 de Riscos Laborals (PRL)<\/strong> requerido por el <strong>Ley 32\/2006<\/strong> i per l\u2019Acord sobre el Reglament de la <strong>Targeta Professional de la Construcci\u00f3 (TPC)<\/strong> del sector. Pensat per a personal de producci\u00f3 que interv\u00e9 en obres, aborda de manera pr\u00e0ctica els riscos espec\u00edfics del muntatge: treballs en al\u00e7ada, bastides i ancoratges, manipulaci\u00f3 de c\u00e0rregues, \u00fas d\u2019<strong>\u00cdndice de protecci\u00f3n equivalente<\/strong> i proteccions col\u00b7lectives, eines de tall i fixaci\u00f3, ordre i neteja, senyalitzaci\u00f3 i protocols d\u2019emerg\u00e8ncia. La formaci\u00f3 t\u00e9 una durada de <strong>6 horas<\/strong> i es realitza exclusivament en <strong>Modo presencial<\/strong> per garantir exercicis guiats i situacions reals de muntatge segur. \u00c9s impartida per Previntegral, centre homologat per la <strong>Comisionado Federal de Tierras<\/strong> (n\u00fam. 0505080031), i \u00e9s v\u00e0lida per a la TPC del sector de la fusta i el moble. En finalitzar, estar\u00e0s capacitat per identificar riscos, aplicar mesur es preventives i treballar amb criteri professional a l\u2019obra.<\/p>","protected":false},"excerpt":{"rendered":"<p>Aquest curs de Muntador d\u2019estructures de fusta, vinculat al conveni de Fusta i moble, t\u2019ajuda a acreditar la Prevenci\u00f3 de Riscos Laborals (PRL) exigida per la Llei 32\/2006 i per l\u2019Acord sobre el Reglament de la Targeta Professional de la Construcci\u00f3 (TPC) del sector. Pensat per a personal de producci\u00f3 que interv\u00e9 en obres, aborda [&hellip;]<\/p>\n","protected":false},"featured_media":7562,"comment_status":"open","ping_status":"closed","template":"","meta":{"_acf_changed":false},"product_brand":[],"product_cat":[42],"product_tag":[],"class_list":{"0":"post-7559","1":"product","2":"type-product","3":"status-publish","4":"has-post-thumbnail","6":"product_cat-fusta-i-moble","8":"first","9":"instock","10":"virtual","11":"taxable","12":"purchasable","13":"product-type-curso"},"acf":[],"precio_regular_curso":150.04,"precio_bonificado_curso":157.3,"_links":{"self":[{"href":"https:\/\/testweb.previntegral.com\/es\/wp-json\/wp\/v2\/product\/7559","targetHints":{"allow":["GET"]}}],"collection":[{"href":"https:\/\/testweb.previntegral.com\/es\/wp-json\/wp\/v2\/product"}],"about":[{"href":"https:\/\/testweb.previntegral.com\/es\/wp-json\/wp\/v2\/types\/product"}],"replies":[{"embeddable":true,"href":"https:\/\/testweb.previntegral.com\/es\/wp-json\/wp\/v2\/comments?post=7559"}],"wp:featuredmedia":[{"embeddable":true,"href":"https:\/\/testweb.previntegral.com\/es\/wp-json\/wp\/v2\/media\/7562"}],"wp:attachment":[{"href":"https:\/\/testweb.previntegral.com\/es\/wp-json\/wp\/v2\/media?parent=7559"}],"wp:term":[{"taxonomy":"product_brand","embeddable":true,"href":"https:\/\/testweb.previntegral.com\/es\/wp-json\/wp\/v2\/product_brand?post=7559"},{"taxonomy":"product_cat","embeddable":true,"href":"https:\/\/testweb.previntegral.com\/es\/wp-json\/wp\/v2\/product_cat?post=7559"},{"taxonomy":"product_tag","embeddable":true,"href":"https:\/\/testweb.previntegral.com\/es\/wp-json\/wp\/v2\/product_tag?post=7559"}],"curies":[{"name":"wp","href":"https:\/\/api.w.org\/{rel}","templated":true}]}}