
{"id":7602,"date":"2026-02-19T15:53:11","date_gmt":"2026-02-19T15:53:11","guid":{"rendered":"https:\/\/testweb.previntegral.com\/producto\/especialitat-en-fontaneria-i-dinstallacions-de-climatitzacio\/"},"modified":"2026-02-20T10:31:24","modified_gmt":"2026-02-20T10:31:24","slug":"especialitat-en-fontaneria-i-dinstallacions-de-climatitzacio","status":"publish","type":"product","link":"https:\/\/testweb.previntegral.com\/es\/producto\/especialitat-en-fontaneria-i-dinstallacions-de-climatitzacio\/","title":{"rendered":"Especializados en instalaciones de fontaner\u00eda y climatizaci\u00f3n."},"content":{"rendered":"<p>Formaci\u00f3n <strong>En persona<\/strong> de <strong>6 horas<\/strong> orientada a professionals de <strong>Instalaciones de fontaner\u00eda y climatizaci\u00f3n<\/strong> del sector del metall que treballen en <strong>trabajos de construcci\u00f3n<\/strong>. Esto <strong>especialidad<\/strong> dona compliment a les obligacions del <strong>Acuerdo sobre metales<\/strong> i aprofundeix en els riscos i les mesures preventives pr\u00f2pies del muntatge de canonades i equips, treballs de soldadura i talls, manipulat de refrigerants, circuits frigor\u00edfics i equips a pressi\u00f3, aixecaments i ancoratges, treballs en al\u00e7ada, espais confinats, a\u00efllaments i posades en marxa. Es reforcen procediments segurs, \u00fas d\u2019<strong>\u00cdndice de protecci\u00f3n equivalente<\/strong>, senyalitzaci\u00f3, coordinaci\u00f3 d\u2019activitats (CAE) i actuaci\u00f3 en emerg\u00e8ncies. Si \u00e9s la teva primera acreditaci\u00f3 al conveni, recorda que cal haver completat pr\u00e8viament (o completar) la <strong>part troncal de 14 hores<\/strong>; si ja la tens, aquest m\u00f2dul n\u2019\u00e9s el complement necessari per a l\u2019ofici. La validesa s\u2019ha de renovar cada 4 anys mitjan\u00e7ant <strong>reciclatge de 4 hores<\/strong>. Impartido por Previntegral, un centro acreditado por la <strong>Comisionado Federal de Tierras<\/strong> (n\u00fam. 0505080031). No disponible en l\u00ednia.<\/p>","protected":false},"excerpt":{"rendered":"<p>Formaci\u00f3 presencial de 6 hores orientada a professionals de fontaneria i instal\u00b7lacions de climatitzaci\u00f3 del sector del metall que treballen en obra de construcci\u00f3. Aquesta especialitat dona compliment a les obligacions del conveni del metall i aprofundeix en els riscos i les mesures preventives pr\u00f2pies del muntatge de canonades i equips, treballs de soldadura i [&hellip;]<\/p>\n","protected":false},"featured_media":7604,"comment_status":"open","ping_status":"closed","template":"","meta":{"_acf_changed":false},"product_brand":[],"product_cat":[52],"product_tag":[],"class_list":{"0":"post-7602","1":"product","2":"type-product","3":"status-publish","4":"has-post-thumbnail","6":"product_cat-metall-obra","8":"first","9":"instock","10":"virtual","11":"taxable","12":"purchasable","13":"product-type-curso"},"acf":[],"precio_regular_curso":150.04,"precio_bonificado_curso":157.3,"_links":{"self":[{"href":"https:\/\/testweb.previntegral.com\/es\/wp-json\/wp\/v2\/product\/7602","targetHints":{"allow":["GET"]}}],"collection":[{"href":"https:\/\/testweb.previntegral.com\/es\/wp-json\/wp\/v2\/product"}],"about":[{"href":"https:\/\/testweb.previntegral.com\/es\/wp-json\/wp\/v2\/types\/product"}],"replies":[{"embeddable":true,"href":"https:\/\/testweb.previntegral.com\/es\/wp-json\/wp\/v2\/comments?post=7602"}],"wp:featuredmedia":[{"embeddable":true,"href":"https:\/\/testweb.previntegral.com\/es\/wp-json\/wp\/v2\/media\/7604"}],"wp:attachment":[{"href":"https:\/\/testweb.previntegral.com\/es\/wp-json\/wp\/v2\/media?parent=7602"}],"wp:term":[{"taxonomy":"product_brand","embeddable":true,"href":"https:\/\/testweb.previntegral.com\/es\/wp-json\/wp\/v2\/product_brand?post=7602"},{"taxonomy":"product_cat","embeddable":true,"href":"https:\/\/testweb.previntegral.com\/es\/wp-json\/wp\/v2\/product_cat?post=7602"},{"taxonomy":"product_tag","embeddable":true,"href":"https:\/\/testweb.previntegral.com\/es\/wp-json\/wp\/v2\/product_tag?post=7602"}],"curies":[{"name":"wp","href":"https:\/\/api.w.org\/{rel}","templated":true}]}}